{"id":4518,"date":"2026-03-30T19:43:25","date_gmt":"2026-03-30T19:43:25","guid":{"rendered":"https:\/\/bio-energica.com\/?post_type=product&#038;p=4518"},"modified":"2026-03-30T19:47:48","modified_gmt":"2026-03-30T19:47:48","slug":"multivitamin-60caps","status":"publish","type":"product","link":"https:\/\/bio-energica.com\/index.php\/product\/multivitamin-60caps\/","title":{"rendered":"MULTIVITAMIN \u2013 60CAPS"},"content":{"rendered":"<h3 data-section-id=\"1cr85lf\" data-start=\"98\" data-end=\"150\"><span role=\"text\"><strong data-start=\"100\" data-end=\"145\">MULTIVITAMIN \u2013 60 CAPS | Luxury Nutrition<\/strong> \ud83c\udf1f<\/span><\/h3>\n<p data-start=\"152\" data-end=\"431\">Boostez votre \u00e9nergie et prenez soin de votre sant\u00e9 au quotidien avec <strong data-start=\"222\" data-end=\"255\">Luxury Nutrition Multivitamin<\/strong>. Formul\u00e9 pour fournir un apport complet en <strong data-start=\"299\" data-end=\"335\">vitamines et min\u00e9raux essentiels<\/strong>, ce compl\u00e9ment soutient votre syst\u00e8me immunitaire, votre vitalit\u00e9 et votre bien-\u00eatre g\u00e9n\u00e9ral.<\/p>\n<p><span role=\"text\"><strong data-start=\"813\" data-end=\"835\">Ingr\u00e9dients cl\u00e9s :<\/strong><\/span><\/p>\n<p data-start=\"838\" data-end=\"956\">Chaque capsule contient un complexe complet de vitamines et min\u00e9raux essentiels pour couvrir vos besoins quotidiens.<\/p>\n<h4 data-section-id=\"1cha0ab\" data-start=\"958\" data-end=\"982\"><span role=\"text\"><strong data-start=\"961\" data-end=\"980\">Mode d\u2019emploi :<\/strong><\/span><\/h4>\n<p data-start=\"983\" data-end=\"1146\">Prenez <strong data-start=\"990\" data-end=\"1012\">2 capsule par jour<\/strong>, de pr\u00e9f\u00e9rence au cours d\u2019un repas. Pour des r\u00e9sultats optimaux, associez-la \u00e0 une alimentation \u00e9quilibr\u00e9e et un mode de vie actif.<\/p>\n","protected":false},"excerpt":{"rendered":"<ul data-start=\"465\" data-end=\"808\">\n<li data-section-id=\"1t3uhod\" data-start=\"465\" data-end=\"549\">\ud83c\udf3f <strong data-start=\"470\" data-end=\"504\">Soutien du syst\u00e8me immunitaire<\/strong> : aide \u00e0 renforcer vos d\u00e9fenses naturelles<\/li>\n<li data-section-id=\"s0dqwz\" data-start=\"550\" data-end=\"635\">\u26a1 <strong data-start=\"554\" data-end=\"601\">Augmentation de l\u2019\u00e9nergie et de la vitalit\u00e9<\/strong> : r\u00e9duit la fatigue quotidienne<\/li>\n<li data-section-id=\"fxa2ml\" data-start=\"636\" data-end=\"734\">\ud83d\udcaa <strong data-start=\"641\" data-end=\"687\">Maintien de la sant\u00e9 musculaire et osseuse<\/strong> : gr\u00e2ce aux vitamines et min\u00e9raux essentiels<\/li>\n<li data-section-id=\"ui40nv\" data-start=\"735\" data-end=\"808\">\ud83e\udde0 <strong data-start=\"740\" data-end=\"760\">Soutien cognitif<\/strong> : contribue aux fonctions normales du cerveau<\/li>\n<\/ul>\n","protected":false},"featured_media":4520,"comment_status":"open","ping_status":"closed","template":"","meta":[],"product_brand":[],"product_cat":[61,64],"product_tag":[],"class_list":{"0":"post-4518","1":"product","2":"type-product","3":"status-publish","4":"has-post-thumbnail","6":"product_cat-complement-alimentaire","7":"product_cat-vitamines","9":"first","10":"instock","11":"sale","12":"taxable","13":"shipping-taxable","14":"purchasable","15":"product-type-simple"},"yoast_head":"<!-- This site is optimized with the Yoast SEO plugin v26.6 - https:\/\/yoast.com\/wordpress\/plugins\/seo\/ -->\n<title>MULTIVITAMIN \u2013 60CAPS - Bio Energica Tunisia<\/title>\n<meta name=\"description\" content=\"Boostez votre \u00e9nergie et prenez soin de votre sant\u00e9 au quotidien avec Luxury Nutrition Multivitamin. Formul\u00e9 pour fournir un apport complet en vitamines et min\u00e9raux essentiels, ce compl\u00e9ment soutient votre syst\u00e8me immunitaire, votre vitalit\u00e9 et votre bien-\u00eatre g\u00e9n\u00e9ral.\" \/>\n<meta name=\"robots\" content=\"index, follow, max-snippet:-1, max-image-preview:large, max-video-preview:-1\" \/>\n<link rel=\"canonical\" href=\"https:\/\/bio-energica.com\/index.php\/product\/multivitamin-60caps\/\" \/>\n<meta property=\"og:locale\" content=\"fr_FR\" \/>\n<meta property=\"og:type\" content=\"article\" \/>\n<meta property=\"og:title\" content=\"MULTIVITAMIN \u2013 60CAPS - Bio Energica Tunisia\" \/>\n<meta property=\"og:description\" content=\"Boostez votre \u00e9nergie et prenez soin de votre sant\u00e9 au quotidien avec Luxury Nutrition Multivitamin. Formul\u00e9 pour fournir un apport complet en vitamines et min\u00e9raux essentiels, ce compl\u00e9ment soutient votre syst\u00e8me immunitaire, votre vitalit\u00e9 et votre bien-\u00eatre g\u00e9n\u00e9ral.\" \/>\n<meta property=\"og:url\" content=\"https:\/\/bio-energica.com\/index.php\/product\/multivitamin-60caps\/\" \/>\n<meta property=\"og:site_name\" content=\"Bio Energica Tunisia\" \/>\n<meta property=\"article:modified_time\" content=\"2026-03-30T19:47:48+00:00\" \/>\n<meta property=\"og:image\" content=\"https:\/\/bio-energica.com\/wp-content\/uploads\/2026\/03\/MULTIVIAMINES-TUNISIE-BIEN-ETRE.jpg\" \/>\n\t<meta property=\"og:image:width\" content=\"800\" \/>\n\t<meta property=\"og:image:height\" content=\"800\" \/>\n\t<meta property=\"og:image:type\" content=\"image\/jpeg\" \/>\n<meta name=\"twitter:card\" content=\"summary_large_image\" \/>\n<meta name=\"twitter:label1\" content=\"Dur\u00e9e de lecture estim\u00e9e\" \/>\n\t<meta name=\"twitter:data1\" content=\"1 minute\" \/>\n<script type=\"application\/ld+json\" class=\"yoast-schema-graph\">{\"@context\":\"https:\/\/schema.org\",\"@graph\":[{\"@type\":\"WebPage\",\"@id\":\"https:\/\/bio-energica.com\/index.php\/product\/multivitamin-60caps\/\",\"url\":\"https:\/\/bio-energica.com\/index.php\/product\/multivitamin-60caps\/\",\"name\":\"MULTIVITAMIN \u2013 60CAPS - Bio Energica Tunisia\",\"isPartOf\":{\"@id\":\"https:\/\/bio-energica.com\/#website\"},\"primaryImageOfPage\":{\"@id\":\"https:\/\/bio-energica.com\/index.php\/product\/multivitamin-60caps\/#primaryimage\"},\"image\":{\"@id\":\"https:\/\/bio-energica.com\/index.php\/product\/multivitamin-60caps\/#primaryimage\"},\"thumbnailUrl\":\"https:\/\/bio-energica.com\/wp-content\/uploads\/2026\/03\/MULTIVIAMINES-TUNISIE-BIEN-ETRE.jpg\",\"datePublished\":\"2026-03-30T19:43:25+00:00\",\"dateModified\":\"2026-03-30T19:47:48+00:00\",\"description\":\"Boostez votre \u00e9nergie et prenez soin de votre sant\u00e9 au quotidien avec Luxury Nutrition Multivitamin. Formul\u00e9 pour fournir un apport complet en vitamines et min\u00e9raux essentiels, ce compl\u00e9ment soutient votre syst\u00e8me immunitaire, votre vitalit\u00e9 et votre bien-\u00eatre g\u00e9n\u00e9ral.\",\"breadcrumb\":{\"@id\":\"https:\/\/bio-energica.com\/index.php\/product\/multivitamin-60caps\/#breadcrumb\"},\"inLanguage\":\"fr-FR\",\"potentialAction\":[{\"@type\":\"ReadAction\",\"target\":[\"https:\/\/bio-energica.com\/index.php\/product\/multivitamin-60caps\/\"]}]},{\"@type\":\"ImageObject\",\"inLanguage\":\"fr-FR\",\"@id\":\"https:\/\/bio-energica.com\/index.php\/product\/multivitamin-60caps\/#primaryimage\",\"url\":\"https:\/\/bio-energica.com\/wp-content\/uploads\/2026\/03\/MULTIVIAMINES-TUNISIE-BIEN-ETRE.jpg\",\"contentUrl\":\"https:\/\/bio-energica.com\/wp-content\/uploads\/2026\/03\/MULTIVIAMINES-TUNISIE-BIEN-ETRE.jpg\",\"width\":800,\"height\":800},{\"@type\":\"BreadcrumbList\",\"@id\":\"https:\/\/bio-energica.com\/index.php\/product\/multivitamin-60caps\/#breadcrumb\",\"itemListElement\":[{\"@type\":\"ListItem\",\"position\":1,\"name\":\"Home\",\"item\":\"https:\/\/bio-energica.com\/\"},{\"@type\":\"ListItem\",\"position\":2,\"name\":\"Products\",\"item\":\"https:\/\/bio-energica.com\/index.php\/products\/\"},{\"@type\":\"ListItem\",\"position\":3,\"name\":\"MULTIVITAMIN \u2013 60CAPS\"}]},{\"@type\":\"WebSite\",\"@id\":\"https:\/\/bio-energica.com\/#website\",\"url\":\"https:\/\/bio-energica.com\/\",\"name\":\"Bio Energica Tunisia\",\"description\":\"\",\"publisher\":{\"@id\":\"https:\/\/bio-energica.com\/#organization\"},\"potentialAction\":[{\"@type\":\"SearchAction\",\"target\":{\"@type\":\"EntryPoint\",\"urlTemplate\":\"https:\/\/bio-energica.com\/?s={search_term_string}\"},\"query-input\":{\"@type\":\"PropertyValueSpecification\",\"valueRequired\":true,\"valueName\":\"search_term_string\"}}],\"inLanguage\":\"fr-FR\"},{\"@type\":\"Organization\",\"@id\":\"https:\/\/bio-energica.com\/#organization\",\"name\":\"Bio Energica Tunisia\",\"url\":\"https:\/\/bio-energica.com\/\",\"logo\":{\"@type\":\"ImageObject\",\"inLanguage\":\"fr-FR\",\"@id\":\"https:\/\/bio-energica.com\/#\/schema\/logo\/image\/\",\"url\":\"https:\/\/bio-energica.com\/wp-content\/uploads\/2025\/11\/LOLO-scaled.png\",\"contentUrl\":\"https:\/\/bio-energica.com\/wp-content\/uploads\/2025\/11\/LOLO-scaled.png\",\"width\":2560,\"height\":960,\"caption\":\"Bio Energica Tunisia\"},\"image\":{\"@id\":\"https:\/\/bio-energica.com\/#\/schema\/logo\/image\/\"}}]}<\/script>\n<!-- \/ Yoast SEO plugin. -->","yoast_head_json":{"title":"MULTIVITAMIN \u2013 60CAPS - Bio Energica Tunisia","description":"Boostez votre \u00e9nergie et prenez soin de votre sant\u00e9 au quotidien avec Luxury Nutrition Multivitamin. Formul\u00e9 pour fournir un apport complet en vitamines et min\u00e9raux essentiels, ce compl\u00e9ment soutient votre syst\u00e8me immunitaire, votre vitalit\u00e9 et votre bien-\u00eatre g\u00e9n\u00e9ral.","robots":{"index":"index","follow":"follow","max-snippet":"max-snippet:-1","max-image-preview":"max-image-preview:large","max-video-preview":"max-video-preview:-1"},"canonical":"https:\/\/bio-energica.com\/index.php\/product\/multivitamin-60caps\/","og_locale":"fr_FR","og_type":"article","og_title":"MULTIVITAMIN \u2013 60CAPS - Bio Energica Tunisia","og_description":"Boostez votre \u00e9nergie et prenez soin de votre sant\u00e9 au quotidien avec Luxury Nutrition Multivitamin. Formul\u00e9 pour fournir un apport complet en vitamines et min\u00e9raux essentiels, ce compl\u00e9ment soutient votre syst\u00e8me immunitaire, votre vitalit\u00e9 et votre bien-\u00eatre g\u00e9n\u00e9ral.","og_url":"https:\/\/bio-energica.com\/index.php\/product\/multivitamin-60caps\/","og_site_name":"Bio Energica Tunisia","article_modified_time":"2026-03-30T19:47:48+00:00","og_image":[{"width":800,"height":800,"url":"https:\/\/bio-energica.com\/wp-content\/uploads\/2026\/03\/MULTIVIAMINES-TUNISIE-BIEN-ETRE.jpg","type":"image\/jpeg"}],"twitter_card":"summary_large_image","twitter_misc":{"Dur\u00e9e de lecture estim\u00e9e":"1 minute"},"schema":{"@context":"https:\/\/schema.org","@graph":[{"@type":"WebPage","@id":"https:\/\/bio-energica.com\/index.php\/product\/multivitamin-60caps\/","url":"https:\/\/bio-energica.com\/index.php\/product\/multivitamin-60caps\/","name":"MULTIVITAMIN \u2013 60CAPS - Bio Energica Tunisia","isPartOf":{"@id":"https:\/\/bio-energica.com\/#website"},"primaryImageOfPage":{"@id":"https:\/\/bio-energica.com\/index.php\/product\/multivitamin-60caps\/#primaryimage"},"image":{"@id":"https:\/\/bio-energica.com\/index.php\/product\/multivitamin-60caps\/#primaryimage"},"thumbnailUrl":"https:\/\/bio-energica.com\/wp-content\/uploads\/2026\/03\/MULTIVIAMINES-TUNISIE-BIEN-ETRE.jpg","datePublished":"2026-03-30T19:43:25+00:00","dateModified":"2026-03-30T19:47:48+00:00","description":"Boostez votre \u00e9nergie et prenez soin de votre sant\u00e9 au quotidien avec Luxury Nutrition Multivitamin. Formul\u00e9 pour fournir un apport complet en vitamines et min\u00e9raux essentiels, ce compl\u00e9ment soutient votre syst\u00e8me immunitaire, votre vitalit\u00e9 et votre bien-\u00eatre g\u00e9n\u00e9ral.","breadcrumb":{"@id":"https:\/\/bio-energica.com\/index.php\/product\/multivitamin-60caps\/#breadcrumb"},"inLanguage":"fr-FR","potentialAction":[{"@type":"ReadAction","target":["https:\/\/bio-energica.com\/index.php\/product\/multivitamin-60caps\/"]}]},{"@type":"ImageObject","inLanguage":"fr-FR","@id":"https:\/\/bio-energica.com\/index.php\/product\/multivitamin-60caps\/#primaryimage","url":"https:\/\/bio-energica.com\/wp-content\/uploads\/2026\/03\/MULTIVIAMINES-TUNISIE-BIEN-ETRE.jpg","contentUrl":"https:\/\/bio-energica.com\/wp-content\/uploads\/2026\/03\/MULTIVIAMINES-TUNISIE-BIEN-ETRE.jpg","width":800,"height":800},{"@type":"BreadcrumbList","@id":"https:\/\/bio-energica.com\/index.php\/product\/multivitamin-60caps\/#breadcrumb","itemListElement":[{"@type":"ListItem","position":1,"name":"Home","item":"https:\/\/bio-energica.com\/"},{"@type":"ListItem","position":2,"name":"Products","item":"https:\/\/bio-energica.com\/index.php\/products\/"},{"@type":"ListItem","position":3,"name":"MULTIVITAMIN \u2013 60CAPS"}]},{"@type":"WebSite","@id":"https:\/\/bio-energica.com\/#website","url":"https:\/\/bio-energica.com\/","name":"Bio Energica Tunisia","description":"","publisher":{"@id":"https:\/\/bio-energica.com\/#organization"},"potentialAction":[{"@type":"SearchAction","target":{"@type":"EntryPoint","urlTemplate":"https:\/\/bio-energica.com\/?s={search_term_string}"},"query-input":{"@type":"PropertyValueSpecification","valueRequired":true,"valueName":"search_term_string"}}],"inLanguage":"fr-FR"},{"@type":"Organization","@id":"https:\/\/bio-energica.com\/#organization","name":"Bio Energica Tunisia","url":"https:\/\/bio-energica.com\/","logo":{"@type":"ImageObject","inLanguage":"fr-FR","@id":"https:\/\/bio-energica.com\/#\/schema\/logo\/image\/","url":"https:\/\/bio-energica.com\/wp-content\/uploads\/2025\/11\/LOLO-scaled.png","contentUrl":"https:\/\/bio-energica.com\/wp-content\/uploads\/2025\/11\/LOLO-scaled.png","width":2560,"height":960,"caption":"Bio Energica Tunisia"},"image":{"@id":"https:\/\/bio-energica.com\/#\/schema\/logo\/image\/"}}]}},"_links":{"self":[{"href":"https:\/\/bio-energica.com\/index.php\/wp-json\/wp\/v2\/product\/4518","targetHints":{"allow":["GET"]}}],"collection":[{"href":"https:\/\/bio-energica.com\/index.php\/wp-json\/wp\/v2\/product"}],"about":[{"href":"https:\/\/bio-energica.com\/index.php\/wp-json\/wp\/v2\/types\/product"}],"replies":[{"embeddable":true,"href":"https:\/\/bio-energica.com\/index.php\/wp-json\/wp\/v2\/comments?post=4518"}],"wp:featuredmedia":[{"embeddable":true,"href":"https:\/\/bio-energica.com\/index.php\/wp-json\/wp\/v2\/media\/4520"}],"wp:attachment":[{"href":"https:\/\/bio-energica.com\/index.php\/wp-json\/wp\/v2\/media?parent=4518"}],"wp:term":[{"taxonomy":"product_brand","embeddable":true,"href":"https:\/\/bio-energica.com\/index.php\/wp-json\/wp\/v2\/product_brand?post=4518"},{"taxonomy":"product_cat","embeddable":true,"href":"https:\/\/bio-energica.com\/index.php\/wp-json\/wp\/v2\/product_cat?post=4518"},{"taxonomy":"product_tag","embeddable":true,"href":"https:\/\/bio-energica.com\/index.php\/wp-json\/wp\/v2\/product_tag?post=4518"}],"curies":[{"name":"wp","href":"https:\/\/api.w.org\/{rel}","templated":true}]}}