{"id":4512,"date":"2026-03-30T19:31:33","date_gmt":"2026-03-30T19:31:33","guid":{"rendered":"https:\/\/bio-energica.com\/?post_type=product&#038;p=4512"},"modified":"2026-03-30T19:40:51","modified_gmt":"2026-03-30T19:40:51","slug":"omega-3-90caps-2","status":"publish","type":"product","link":"https:\/\/bio-energica.com\/index.php\/product\/omega-3-90caps-2\/","title":{"rendered":"OMEGA 3 \u2013 90CAPS"},"content":{"rendered":"<h3 data-section-id=\"1xwxb9c\" data-start=\"135\" data-end=\"180\"><span role=\"text\"><strong data-start=\"137\" data-end=\"177\">OMEGA 3 \u2013 90 CAPS | Luxury Nutrition<\/strong> \ud83d\udc99<\/span><\/h3>\n<p data-start=\"182\" data-end=\"416\"><strong data-start=\"182\" data-end=\"210\">Luxury Nutrition Omega 3<\/strong> est un compl\u00e9ment alimentaire premium riche en <strong data-start=\"258\" data-end=\"294\">acides gras essentiels EPA &amp; DHA<\/strong>, con\u00e7u pour soutenir votre sant\u00e9 globale. Id\u00e9al pour les sportifs et toutes les personnes soucieuses de leur bien-\u00eatre.<\/p>\n<h3 data-section-id=\"11vst6t\" data-start=\"418\" data-end=\"449\"><span role=\"text\"><strong data-start=\"421\" data-end=\"447\">Bienfaits principaux :<\/strong><\/span><\/h3>\n<ul data-start=\"450\" data-end=\"808\">\n<li data-section-id=\"1qhoxdh\" data-start=\"450\" data-end=\"555\">\u2764\ufe0f <strong data-start=\"455\" data-end=\"481\">Sant\u00e9 cardiovasculaire<\/strong> : favorise le bon fonctionnement du c\u0153ur et de la circulation sanguine.<\/li>\n<li data-section-id=\"1o9hhqr\" data-start=\"556\" data-end=\"630\">\ud83e\udde0 <strong data-start=\"561\" data-end=\"585\">Fonctions c\u00e9r\u00e9brales<\/strong> : am\u00e9liore la concentration et la m\u00e9moire.<\/li>\n<li data-section-id=\"eclbau\" data-start=\"631\" data-end=\"732\">\ud83e\uddb4 <strong data-start=\"636\" data-end=\"666\">Mobilit\u00e9 des articulations<\/strong> : aide \u00e0 maintenir des articulations souples et fonctionnelles.<\/li>\n<li data-section-id=\"elypda\" data-start=\"733\" data-end=\"808\">\ud83c\udf3f <strong data-start=\"738\" data-end=\"759\">Bien-\u00eatre g\u00e9n\u00e9ral<\/strong> : contribue \u00e0 une sant\u00e9 optimale au quotidien.<\/li>\n<\/ul>\n<p data-start=\"810\" data-end=\"915\"><strong data-start=\"810\" data-end=\"837\">Conseil d\u2019utilisation :<\/strong> Prenez 1 A 2\u00a0 capsules par jour avec un repas pour un apport optimal en Omega 3.<\/p>\n","protected":false},"excerpt":{"rendered":"<ul data-start=\"259\" data-end=\"422\">\n<li data-section-id=\"1m5tt4i\" data-start=\"259\" data-end=\"304\"><strong data-start=\"261\" data-end=\"299\">Le c\u0153ur et la circulation sanguine<\/strong> \u2764\ufe0f<\/li>\n<li data-section-id=\"1lrnti9\" data-start=\"305\" data-end=\"346\"><strong data-start=\"307\" data-end=\"341\">Le cerveau et la concentration<\/strong> \ud83e\udde0<\/li>\n<li data-section-id=\"1l9pdn3\" data-start=\"347\" data-end=\"390\"><strong data-start=\"349\" data-end=\"385\">Les articulations et la mobilit\u00e9<\/strong> \ud83e\uddb4<\/li>\n<li data-section-id=\"4fdpao\" data-start=\"391\" data-end=\"422\"><strong data-start=\"393\" data-end=\"417\">Le bien-\u00eatre g\u00e9n\u00e9ral<\/strong> \ud83c\udf3f<\/li>\n<\/ul>\n<p data-start=\"424\" data-end=\"536\">Prenez soin de votre sant\u00e9 facilement avec <strong data-start=\"467\" data-end=\"488\">Omega 3 \u2013 90 Caps<\/strong>, un compl\u00e9ment essentiel pour tous les jours.<\/p>\n","protected":false},"featured_media":4515,"comment_status":"open","ping_status":"closed","template":"","meta":[],"product_brand":[],"product_cat":[61,65],"product_tag":[],"class_list":{"0":"post-4512","1":"product","2":"type-product","3":"status-publish","4":"has-post-thumbnail","6":"product_cat-complement-alimentaire","7":"product_cat-omega-3","9":"first","10":"instock","11":"sale","12":"taxable","13":"shipping-taxable","14":"purchasable","15":"product-type-simple"},"yoast_head":"<!-- This site is optimized with the Yoast SEO plugin v26.6 - https:\/\/yoast.com\/wordpress\/plugins\/seo\/ -->\n<title>OMEGA 3 \u2013 90CAPS - Bio Energica Tunisia<\/title>\n<meta name=\"description\" content=\"Prenez soin de votre sant\u00e9 au quotidien avec Omega 3 de Luxury Nutrition. Riche en acides gras essentiels EPA &amp; DHA, ce compl\u00e9ment est id\u00e9al pour soutenir le bon fonctionnement du c\u0153ur, du cerveau et des articulations.Gr\u00e2ce \u00e0 sa formule de haute qualit\u00e9, il contribue \u00e0 am\u00e9liorer la concentration, renforcer le syst\u00e8me cardiovasculaire et r\u00e9duire l\u2019inflammation, tout en favorisant un bien-\u00eatre g\u00e9n\u00e9ral.\" \/>\n<meta name=\"robots\" content=\"index, follow, max-snippet:-1, max-image-preview:large, max-video-preview:-1\" \/>\n<link rel=\"canonical\" href=\"https:\/\/bio-energica.com\/index.php\/product\/omega-3-90caps-2\/\" \/>\n<meta property=\"og:locale\" content=\"fr_FR\" \/>\n<meta property=\"og:type\" content=\"article\" \/>\n<meta property=\"og:title\" content=\"OMEGA 3 \u2013 90CAPS - Bio Energica Tunisia\" \/>\n<meta property=\"og:description\" content=\"Prenez soin de votre sant\u00e9 au quotidien avec Omega 3 de Luxury Nutrition. Riche en acides gras essentiels EPA &amp; DHA, ce compl\u00e9ment est id\u00e9al pour soutenir le bon fonctionnement du c\u0153ur, du cerveau et des articulations.Gr\u00e2ce \u00e0 sa formule de haute qualit\u00e9, il contribue \u00e0 am\u00e9liorer la concentration, renforcer le syst\u00e8me cardiovasculaire et r\u00e9duire l\u2019inflammation, tout en favorisant un bien-\u00eatre g\u00e9n\u00e9ral.\" \/>\n<meta property=\"og:url\" content=\"https:\/\/bio-energica.com\/index.php\/product\/omega-3-90caps-2\/\" \/>\n<meta property=\"og:site_name\" content=\"Bio Energica Tunisia\" \/>\n<meta property=\"article:modified_time\" content=\"2026-03-30T19:40:51+00:00\" \/>\n<meta property=\"og:image\" content=\"https:\/\/bio-energica.com\/wp-content\/uploads\/2026\/03\/OMEGA-3-TUNISIA-TUNISIE.jpg-1000MG.jpg\" \/>\n\t<meta property=\"og:image:width\" content=\"800\" \/>\n\t<meta property=\"og:image:height\" content=\"800\" \/>\n\t<meta property=\"og:image:type\" content=\"image\/jpeg\" \/>\n<meta name=\"twitter:card\" content=\"summary_large_image\" \/>\n<meta name=\"twitter:label1\" content=\"Dur\u00e9e de lecture estim\u00e9e\" \/>\n\t<meta name=\"twitter:data1\" content=\"1 minute\" \/>\n<script type=\"application\/ld+json\" class=\"yoast-schema-graph\">{\"@context\":\"https:\/\/schema.org\",\"@graph\":[{\"@type\":\"WebPage\",\"@id\":\"https:\/\/bio-energica.com\/index.php\/product\/omega-3-90caps-2\/\",\"url\":\"https:\/\/bio-energica.com\/index.php\/product\/omega-3-90caps-2\/\",\"name\":\"OMEGA 3 \u2013 90CAPS - Bio Energica Tunisia\",\"isPartOf\":{\"@id\":\"https:\/\/bio-energica.com\/#website\"},\"primaryImageOfPage\":{\"@id\":\"https:\/\/bio-energica.com\/index.php\/product\/omega-3-90caps-2\/#primaryimage\"},\"image\":{\"@id\":\"https:\/\/bio-energica.com\/index.php\/product\/omega-3-90caps-2\/#primaryimage\"},\"thumbnailUrl\":\"https:\/\/bio-energica.com\/wp-content\/uploads\/2026\/03\/OMEGA-3-TUNISIA-TUNISIE.jpg-1000MG.jpg\",\"datePublished\":\"2026-03-30T19:31:33+00:00\",\"dateModified\":\"2026-03-30T19:40:51+00:00\",\"description\":\"Prenez soin de votre sant\u00e9 au quotidien avec Omega 3 de Luxury Nutrition. Riche en acides gras essentiels EPA & DHA, ce compl\u00e9ment est id\u00e9al pour soutenir le bon fonctionnement du c\u0153ur, du cerveau et des articulations.Gr\u00e2ce \u00e0 sa formule de haute qualit\u00e9, il contribue \u00e0 am\u00e9liorer la concentration, renforcer le syst\u00e8me cardiovasculaire et r\u00e9duire l\u2019inflammation, tout en favorisant un bien-\u00eatre g\u00e9n\u00e9ral.\",\"breadcrumb\":{\"@id\":\"https:\/\/bio-energica.com\/index.php\/product\/omega-3-90caps-2\/#breadcrumb\"},\"inLanguage\":\"fr-FR\",\"potentialAction\":[{\"@type\":\"ReadAction\",\"target\":[\"https:\/\/bio-energica.com\/index.php\/product\/omega-3-90caps-2\/\"]}]},{\"@type\":\"ImageObject\",\"inLanguage\":\"fr-FR\",\"@id\":\"https:\/\/bio-energica.com\/index.php\/product\/omega-3-90caps-2\/#primaryimage\",\"url\":\"https:\/\/bio-energica.com\/wp-content\/uploads\/2026\/03\/OMEGA-3-TUNISIA-TUNISIE.jpg-1000MG.jpg\",\"contentUrl\":\"https:\/\/bio-energica.com\/wp-content\/uploads\/2026\/03\/OMEGA-3-TUNISIA-TUNISIE.jpg-1000MG.jpg\",\"width\":800,\"height\":800},{\"@type\":\"BreadcrumbList\",\"@id\":\"https:\/\/bio-energica.com\/index.php\/product\/omega-3-90caps-2\/#breadcrumb\",\"itemListElement\":[{\"@type\":\"ListItem\",\"position\":1,\"name\":\"Home\",\"item\":\"https:\/\/bio-energica.com\/\"},{\"@type\":\"ListItem\",\"position\":2,\"name\":\"Products\",\"item\":\"https:\/\/bio-energica.com\/index.php\/products\/\"},{\"@type\":\"ListItem\",\"position\":3,\"name\":\"OMEGA 3 \u2013 90CAPS\"}]},{\"@type\":\"WebSite\",\"@id\":\"https:\/\/bio-energica.com\/#website\",\"url\":\"https:\/\/bio-energica.com\/\",\"name\":\"Bio Energica Tunisia\",\"description\":\"\",\"publisher\":{\"@id\":\"https:\/\/bio-energica.com\/#organization\"},\"potentialAction\":[{\"@type\":\"SearchAction\",\"target\":{\"@type\":\"EntryPoint\",\"urlTemplate\":\"https:\/\/bio-energica.com\/?s={search_term_string}\"},\"query-input\":{\"@type\":\"PropertyValueSpecification\",\"valueRequired\":true,\"valueName\":\"search_term_string\"}}],\"inLanguage\":\"fr-FR\"},{\"@type\":\"Organization\",\"@id\":\"https:\/\/bio-energica.com\/#organization\",\"name\":\"Bio Energica Tunisia\",\"url\":\"https:\/\/bio-energica.com\/\",\"logo\":{\"@type\":\"ImageObject\",\"inLanguage\":\"fr-FR\",\"@id\":\"https:\/\/bio-energica.com\/#\/schema\/logo\/image\/\",\"url\":\"https:\/\/bio-energica.com\/wp-content\/uploads\/2025\/11\/LOLO-scaled.png\",\"contentUrl\":\"https:\/\/bio-energica.com\/wp-content\/uploads\/2025\/11\/LOLO-scaled.png\",\"width\":2560,\"height\":960,\"caption\":\"Bio Energica Tunisia\"},\"image\":{\"@id\":\"https:\/\/bio-energica.com\/#\/schema\/logo\/image\/\"}}]}<\/script>\n<!-- \/ Yoast SEO plugin. -->","yoast_head_json":{"title":"OMEGA 3 \u2013 90CAPS - Bio Energica Tunisia","description":"Prenez soin de votre sant\u00e9 au quotidien avec Omega 3 de Luxury Nutrition. Riche en acides gras essentiels EPA & DHA, ce compl\u00e9ment est id\u00e9al pour soutenir le bon fonctionnement du c\u0153ur, du cerveau et des articulations.Gr\u00e2ce \u00e0 sa formule de haute qualit\u00e9, il contribue \u00e0 am\u00e9liorer la concentration, renforcer le syst\u00e8me cardiovasculaire et r\u00e9duire l\u2019inflammation, tout en favorisant un bien-\u00eatre g\u00e9n\u00e9ral.","robots":{"index":"index","follow":"follow","max-snippet":"max-snippet:-1","max-image-preview":"max-image-preview:large","max-video-preview":"max-video-preview:-1"},"canonical":"https:\/\/bio-energica.com\/index.php\/product\/omega-3-90caps-2\/","og_locale":"fr_FR","og_type":"article","og_title":"OMEGA 3 \u2013 90CAPS - Bio Energica Tunisia","og_description":"Prenez soin de votre sant\u00e9 au quotidien avec Omega 3 de Luxury Nutrition. Riche en acides gras essentiels EPA & DHA, ce compl\u00e9ment est id\u00e9al pour soutenir le bon fonctionnement du c\u0153ur, du cerveau et des articulations.Gr\u00e2ce \u00e0 sa formule de haute qualit\u00e9, il contribue \u00e0 am\u00e9liorer la concentration, renforcer le syst\u00e8me cardiovasculaire et r\u00e9duire l\u2019inflammation, tout en favorisant un bien-\u00eatre g\u00e9n\u00e9ral.","og_url":"https:\/\/bio-energica.com\/index.php\/product\/omega-3-90caps-2\/","og_site_name":"Bio Energica Tunisia","article_modified_time":"2026-03-30T19:40:51+00:00","og_image":[{"width":800,"height":800,"url":"https:\/\/bio-energica.com\/wp-content\/uploads\/2026\/03\/OMEGA-3-TUNISIA-TUNISIE.jpg-1000MG.jpg","type":"image\/jpeg"}],"twitter_card":"summary_large_image","twitter_misc":{"Dur\u00e9e de lecture estim\u00e9e":"1 minute"},"schema":{"@context":"https:\/\/schema.org","@graph":[{"@type":"WebPage","@id":"https:\/\/bio-energica.com\/index.php\/product\/omega-3-90caps-2\/","url":"https:\/\/bio-energica.com\/index.php\/product\/omega-3-90caps-2\/","name":"OMEGA 3 \u2013 90CAPS - Bio Energica Tunisia","isPartOf":{"@id":"https:\/\/bio-energica.com\/#website"},"primaryImageOfPage":{"@id":"https:\/\/bio-energica.com\/index.php\/product\/omega-3-90caps-2\/#primaryimage"},"image":{"@id":"https:\/\/bio-energica.com\/index.php\/product\/omega-3-90caps-2\/#primaryimage"},"thumbnailUrl":"https:\/\/bio-energica.com\/wp-content\/uploads\/2026\/03\/OMEGA-3-TUNISIA-TUNISIE.jpg-1000MG.jpg","datePublished":"2026-03-30T19:31:33+00:00","dateModified":"2026-03-30T19:40:51+00:00","description":"Prenez soin de votre sant\u00e9 au quotidien avec Omega 3 de Luxury Nutrition. Riche en acides gras essentiels EPA & DHA, ce compl\u00e9ment est id\u00e9al pour soutenir le bon fonctionnement du c\u0153ur, du cerveau et des articulations.Gr\u00e2ce \u00e0 sa formule de haute qualit\u00e9, il contribue \u00e0 am\u00e9liorer la concentration, renforcer le syst\u00e8me cardiovasculaire et r\u00e9duire l\u2019inflammation, tout en favorisant un bien-\u00eatre g\u00e9n\u00e9ral.","breadcrumb":{"@id":"https:\/\/bio-energica.com\/index.php\/product\/omega-3-90caps-2\/#breadcrumb"},"inLanguage":"fr-FR","potentialAction":[{"@type":"ReadAction","target":["https:\/\/bio-energica.com\/index.php\/product\/omega-3-90caps-2\/"]}]},{"@type":"ImageObject","inLanguage":"fr-FR","@id":"https:\/\/bio-energica.com\/index.php\/product\/omega-3-90caps-2\/#primaryimage","url":"https:\/\/bio-energica.com\/wp-content\/uploads\/2026\/03\/OMEGA-3-TUNISIA-TUNISIE.jpg-1000MG.jpg","contentUrl":"https:\/\/bio-energica.com\/wp-content\/uploads\/2026\/03\/OMEGA-3-TUNISIA-TUNISIE.jpg-1000MG.jpg","width":800,"height":800},{"@type":"BreadcrumbList","@id":"https:\/\/bio-energica.com\/index.php\/product\/omega-3-90caps-2\/#breadcrumb","itemListElement":[{"@type":"ListItem","position":1,"name":"Home","item":"https:\/\/bio-energica.com\/"},{"@type":"ListItem","position":2,"name":"Products","item":"https:\/\/bio-energica.com\/index.php\/products\/"},{"@type":"ListItem","position":3,"name":"OMEGA 3 \u2013 90CAPS"}]},{"@type":"WebSite","@id":"https:\/\/bio-energica.com\/#website","url":"https:\/\/bio-energica.com\/","name":"Bio Energica Tunisia","description":"","publisher":{"@id":"https:\/\/bio-energica.com\/#organization"},"potentialAction":[{"@type":"SearchAction","target":{"@type":"EntryPoint","urlTemplate":"https:\/\/bio-energica.com\/?s={search_term_string}"},"query-input":{"@type":"PropertyValueSpecification","valueRequired":true,"valueName":"search_term_string"}}],"inLanguage":"fr-FR"},{"@type":"Organization","@id":"https:\/\/bio-energica.com\/#organization","name":"Bio Energica Tunisia","url":"https:\/\/bio-energica.com\/","logo":{"@type":"ImageObject","inLanguage":"fr-FR","@id":"https:\/\/bio-energica.com\/#\/schema\/logo\/image\/","url":"https:\/\/bio-energica.com\/wp-content\/uploads\/2025\/11\/LOLO-scaled.png","contentUrl":"https:\/\/bio-energica.com\/wp-content\/uploads\/2025\/11\/LOLO-scaled.png","width":2560,"height":960,"caption":"Bio Energica Tunisia"},"image":{"@id":"https:\/\/bio-energica.com\/#\/schema\/logo\/image\/"}}]}},"_links":{"self":[{"href":"https:\/\/bio-energica.com\/index.php\/wp-json\/wp\/v2\/product\/4512","targetHints":{"allow":["GET"]}}],"collection":[{"href":"https:\/\/bio-energica.com\/index.php\/wp-json\/wp\/v2\/product"}],"about":[{"href":"https:\/\/bio-energica.com\/index.php\/wp-json\/wp\/v2\/types\/product"}],"replies":[{"embeddable":true,"href":"https:\/\/bio-energica.com\/index.php\/wp-json\/wp\/v2\/comments?post=4512"}],"wp:featuredmedia":[{"embeddable":true,"href":"https:\/\/bio-energica.com\/index.php\/wp-json\/wp\/v2\/media\/4515"}],"wp:attachment":[{"href":"https:\/\/bio-energica.com\/index.php\/wp-json\/wp\/v2\/media?parent=4512"}],"wp:term":[{"taxonomy":"product_brand","embeddable":true,"href":"https:\/\/bio-energica.com\/index.php\/wp-json\/wp\/v2\/product_brand?post=4512"},{"taxonomy":"product_cat","embeddable":true,"href":"https:\/\/bio-energica.com\/index.php\/wp-json\/wp\/v2\/product_cat?post=4512"},{"taxonomy":"product_tag","embeddable":true,"href":"https:\/\/bio-energica.com\/index.php\/wp-json\/wp\/v2\/product_tag?post=4512"}],"curies":[{"name":"wp","href":"https:\/\/api.w.org\/{rel}","templated":true}]}}