{"id":4510,"date":"2026-03-30T19:15:09","date_gmt":"2026-03-30T19:15:09","guid":{"rendered":"https:\/\/bio-energica.com\/?post_type=product&#038;p=4510"},"modified":"2026-03-30T19:42:34","modified_gmt":"2026-03-30T19:42:34","slug":"omega-3-90caps","status":"publish","type":"product","link":"https:\/\/bio-energica.com\/index.php\/product\/omega-3-90caps\/","title":{"rendered":"OMEGA 3 \u2013 90CAPS"},"content":{"rendered":"<h3 data-section-id=\"1m4km5f\" data-start=\"155\" data-end=\"203\"><span role=\"text\"><strong data-start=\"157\" data-end=\"198\">OMEGA 3 \u2013 90 CAPS | Creator Nutrition<\/strong> \ud83d\udc99<\/span><\/h3>\n<p data-start=\"205\" data-end=\"440\">Prenez soin de votre sant\u00e9 au quotidien avec <strong data-start=\"250\" data-end=\"261\">Omega 3<\/strong> de <em data-start=\"265\" data-end=\"284\">Creator Nutrition<\/em>. Riche en <strong data-start=\"295\" data-end=\"331\">acides gras essentiels EPA &amp; DHA<\/strong>, ce compl\u00e9ment est id\u00e9al pour soutenir le <strong data-start=\"374\" data-end=\"437\">bon fonctionnement du c\u0153ur, du cerveau et des articulations<\/strong>.<\/p>\n<p data-start=\"442\" data-end=\"485\">Sa formule de haute qualit\u00e9 contribue \u00e0 :<\/p>\n<ul data-start=\"486\" data-end=\"668\">\n<li data-section-id=\"6d8osa\" data-start=\"486\" data-end=\"551\">\ud83e\udde0 <strong data-start=\"491\" data-end=\"549\">Am\u00e9liorer la concentration et les fonctions c\u00e9r\u00e9brales<\/strong><\/li>\n<li data-section-id=\"oywm82\" data-start=\"552\" data-end=\"600\">\u2764\ufe0f <strong data-start=\"557\" data-end=\"598\">Renforcer le syst\u00e8me cardiovasculaire<\/strong><\/li>\n<li data-section-id=\"1ynf840\" data-start=\"601\" data-end=\"668\">\ud83c\udf3f <strong data-start=\"606\" data-end=\"666\">R\u00e9duire l\u2019inflammation et favoriser le bien-\u00eatre g\u00e9n\u00e9ral<\/strong><\/li>\n<\/ul>\n<h4 data-section-id=\"15czndx\" data-start=\"670\" data-end=\"692\"><span role=\"text\"><strong data-start=\"673\" data-end=\"690\">Ingr\u00e9dients :<\/strong><\/span><\/h4>\n<p data-start=\"693\" data-end=\"751\">Chaque capsule de <em data-start=\"711\" data-end=\"738\">Creator Nutrition Omega 3<\/em> contient :<\/p>\n<ul data-start=\"752\" data-end=\"900\">\n<li data-section-id=\"1mbolqa\" data-start=\"752\" data-end=\"792\">Huile de poisson (anchois) : 1000 mg<\/li>\n<li data-section-id=\"1sp2iu3\" data-start=\"793\" data-end=\"821\">Acide EPA : 180 mg (33%)<\/li>\n<li data-section-id=\"8a5hqg\" data-start=\"822\" data-end=\"850\">Acide DHA : 120 mg (22%)<\/li>\n<li data-section-id=\"10mzo7t\" data-start=\"851\" data-end=\"875\">Enveloppe : G\u00e9latine<\/li>\n<li data-section-id=\"h8lkoy\" data-start=\"876\" data-end=\"900\">Humectant : Glyc\u00e9rol<\/li>\n<\/ul>\n<p data-start=\"902\" data-end=\"1011\"><strong data-start=\"902\" data-end=\"918\">Allerg\u00e8nes :<\/strong> Fabriqu\u00e9 dans une installation utilisant du lait, du soja, des \u0153ufs et des fruits \u00e0 coque.<\/p>\n<h3 data-section-id=\"1cha0ab\" data-start=\"1013\" data-end=\"1037\"><span role=\"text\"><strong data-start=\"1016\" data-end=\"1035\">Mode d\u2019emploi :<\/strong><\/span><\/h3>\n<p data-start=\"1038\" data-end=\"1214\">Prenez <strong data-start=\"1045\" data-end=\"1067\">1 capsule par jour<\/strong>, de pr\u00e9f\u00e9rence au cours d\u2019un repas. Pour des r\u00e9sultats optimaux, int\u00e9grez-le \u00e0 une alimentation \u00e9quilibr\u00e9e et \u00e0 une activit\u00e9 physique r\u00e9guli\u00e8re.<\/p>\n","protected":false},"excerpt":{"rendered":"<p data-start=\"541\" data-end=\"757\">\u2714 Soutient la sant\u00e9 cardiovasculaire \u2764\ufe0f<br data-start=\"580\" data-end=\"583\" \/>\u2714 Am\u00e9liore la concentration et les fonctions c\u00e9r\u00e9brales \ud83e\udde0<br data-start=\"641\" data-end=\"644\" \/>\u2714 Contribue \u00e0 la sant\u00e9 des articulations \ud83e\uddb4<br data-start=\"687\" data-end=\"690\" \/>\u2714 Aide \u00e0 r\u00e9duire l\u2019inflammation<br data-start=\"721\" data-end=\"724\" \/>\u2714 Id\u00e9al pour un usage quotidien<br \/>\n\ud83d\udc49 <em data-start=\"762\" data-end=\"826\">Un essentiel pour une sant\u00e9 optimale et un \u00e9quilibre durable !<\/em> \ud83c\udf3f<\/p>\n","protected":false},"featured_media":4511,"comment_status":"open","ping_status":"closed","template":"","meta":[],"product_brand":[],"product_cat":[61,65],"product_tag":[],"class_list":{"0":"post-4510","1":"product","2":"type-product","3":"status-publish","4":"has-post-thumbnail","6":"product_cat-complement-alimentaire","7":"product_cat-omega-3","9":"first","10":"instock","11":"sale","12":"taxable","13":"shipping-taxable","14":"purchasable","15":"product-type-simple"},"yoast_head":"<!-- This site is optimized with the Yoast SEO plugin v26.6 - https:\/\/yoast.com\/wordpress\/plugins\/seo\/ -->\n<title>OMEGA 3 \u2013 90CAPS - Bio Energica Tunisia<\/title>\n<meta name=\"description\" content=\"Prenez soin de votre sant\u00e9 au quotidien avec Omega 3 de Creator Nutrition. Riche en acides gras essentiels EPA &amp; DHA, ce compl\u00e9ment est id\u00e9al pour soutenir le bon fonctionnement du c\u0153ur, du cerveau et des articulations.Gr\u00e2ce \u00e0 sa formule de haute qualit\u00e9, il contribue \u00e0 am\u00e9liorer la concentration, renforcer le syst\u00e8me cardiovasculaire et r\u00e9duire l\u2019inflammation, tout en favorisant un bien-\u00eatre g\u00e9n\u00e9ral.\" \/>\n<meta name=\"robots\" content=\"index, follow, max-snippet:-1, max-image-preview:large, max-video-preview:-1\" \/>\n<link rel=\"canonical\" href=\"https:\/\/bio-energica.com\/index.php\/product\/omega-3-90caps\/\" \/>\n<meta property=\"og:locale\" content=\"fr_FR\" \/>\n<meta property=\"og:type\" content=\"article\" \/>\n<meta property=\"og:title\" content=\"OMEGA 3 \u2013 90CAPS - Bio Energica Tunisia\" \/>\n<meta property=\"og:description\" content=\"Prenez soin de votre sant\u00e9 au quotidien avec Omega 3 de Creator Nutrition. Riche en acides gras essentiels EPA &amp; DHA, ce compl\u00e9ment est id\u00e9al pour soutenir le bon fonctionnement du c\u0153ur, du cerveau et des articulations.Gr\u00e2ce \u00e0 sa formule de haute qualit\u00e9, il contribue \u00e0 am\u00e9liorer la concentration, renforcer le syst\u00e8me cardiovasculaire et r\u00e9duire l\u2019inflammation, tout en favorisant un bien-\u00eatre g\u00e9n\u00e9ral.\" \/>\n<meta property=\"og:url\" content=\"https:\/\/bio-energica.com\/index.php\/product\/omega-3-90caps\/\" \/>\n<meta property=\"og:site_name\" content=\"Bio Energica Tunisia\" \/>\n<meta property=\"article:modified_time\" content=\"2026-03-30T19:42:34+00:00\" \/>\n<meta property=\"og:image\" content=\"https:\/\/bio-energica.com\/wp-content\/uploads\/2026\/03\/OMEGA-3-TUNISIA-TUNISIE.jpg\" \/>\n\t<meta property=\"og:image:width\" content=\"800\" \/>\n\t<meta property=\"og:image:height\" content=\"800\" \/>\n\t<meta property=\"og:image:type\" content=\"image\/jpeg\" \/>\n<meta name=\"twitter:card\" content=\"summary_large_image\" \/>\n<meta name=\"twitter:label1\" content=\"Dur\u00e9e de lecture estim\u00e9e\" \/>\n\t<meta name=\"twitter:data1\" content=\"1 minute\" \/>\n<script type=\"application\/ld+json\" class=\"yoast-schema-graph\">{\"@context\":\"https:\/\/schema.org\",\"@graph\":[{\"@type\":\"WebPage\",\"@id\":\"https:\/\/bio-energica.com\/index.php\/product\/omega-3-90caps\/\",\"url\":\"https:\/\/bio-energica.com\/index.php\/product\/omega-3-90caps\/\",\"name\":\"OMEGA 3 \u2013 90CAPS - Bio Energica Tunisia\",\"isPartOf\":{\"@id\":\"https:\/\/bio-energica.com\/#website\"},\"primaryImageOfPage\":{\"@id\":\"https:\/\/bio-energica.com\/index.php\/product\/omega-3-90caps\/#primaryimage\"},\"image\":{\"@id\":\"https:\/\/bio-energica.com\/index.php\/product\/omega-3-90caps\/#primaryimage\"},\"thumbnailUrl\":\"https:\/\/bio-energica.com\/wp-content\/uploads\/2026\/03\/OMEGA-3-TUNISIA-TUNISIE.jpg\",\"datePublished\":\"2026-03-30T19:15:09+00:00\",\"dateModified\":\"2026-03-30T19:42:34+00:00\",\"description\":\"Prenez soin de votre sant\u00e9 au quotidien avec Omega 3 de Creator Nutrition. Riche en acides gras essentiels EPA & DHA, ce compl\u00e9ment est id\u00e9al pour soutenir le bon fonctionnement du c\u0153ur, du cerveau et des articulations.Gr\u00e2ce \u00e0 sa formule de haute qualit\u00e9, il contribue \u00e0 am\u00e9liorer la concentration, renforcer le syst\u00e8me cardiovasculaire et r\u00e9duire l\u2019inflammation, tout en favorisant un bien-\u00eatre g\u00e9n\u00e9ral.\",\"breadcrumb\":{\"@id\":\"https:\/\/bio-energica.com\/index.php\/product\/omega-3-90caps\/#breadcrumb\"},\"inLanguage\":\"fr-FR\",\"potentialAction\":[{\"@type\":\"ReadAction\",\"target\":[\"https:\/\/bio-energica.com\/index.php\/product\/omega-3-90caps\/\"]}]},{\"@type\":\"ImageObject\",\"inLanguage\":\"fr-FR\",\"@id\":\"https:\/\/bio-energica.com\/index.php\/product\/omega-3-90caps\/#primaryimage\",\"url\":\"https:\/\/bio-energica.com\/wp-content\/uploads\/2026\/03\/OMEGA-3-TUNISIA-TUNISIE.jpg\",\"contentUrl\":\"https:\/\/bio-energica.com\/wp-content\/uploads\/2026\/03\/OMEGA-3-TUNISIA-TUNISIE.jpg\",\"width\":800,\"height\":800},{\"@type\":\"BreadcrumbList\",\"@id\":\"https:\/\/bio-energica.com\/index.php\/product\/omega-3-90caps\/#breadcrumb\",\"itemListElement\":[{\"@type\":\"ListItem\",\"position\":1,\"name\":\"Home\",\"item\":\"https:\/\/bio-energica.com\/\"},{\"@type\":\"ListItem\",\"position\":2,\"name\":\"Products\",\"item\":\"https:\/\/bio-energica.com\/index.php\/products\/\"},{\"@type\":\"ListItem\",\"position\":3,\"name\":\"OMEGA 3 \u2013 90CAPS\"}]},{\"@type\":\"WebSite\",\"@id\":\"https:\/\/bio-energica.com\/#website\",\"url\":\"https:\/\/bio-energica.com\/\",\"name\":\"Bio Energica Tunisia\",\"description\":\"\",\"publisher\":{\"@id\":\"https:\/\/bio-energica.com\/#organization\"},\"potentialAction\":[{\"@type\":\"SearchAction\",\"target\":{\"@type\":\"EntryPoint\",\"urlTemplate\":\"https:\/\/bio-energica.com\/?s={search_term_string}\"},\"query-input\":{\"@type\":\"PropertyValueSpecification\",\"valueRequired\":true,\"valueName\":\"search_term_string\"}}],\"inLanguage\":\"fr-FR\"},{\"@type\":\"Organization\",\"@id\":\"https:\/\/bio-energica.com\/#organization\",\"name\":\"Bio Energica Tunisia\",\"url\":\"https:\/\/bio-energica.com\/\",\"logo\":{\"@type\":\"ImageObject\",\"inLanguage\":\"fr-FR\",\"@id\":\"https:\/\/bio-energica.com\/#\/schema\/logo\/image\/\",\"url\":\"https:\/\/bio-energica.com\/wp-content\/uploads\/2025\/11\/LOLO-scaled.png\",\"contentUrl\":\"https:\/\/bio-energica.com\/wp-content\/uploads\/2025\/11\/LOLO-scaled.png\",\"width\":2560,\"height\":960,\"caption\":\"Bio Energica Tunisia\"},\"image\":{\"@id\":\"https:\/\/bio-energica.com\/#\/schema\/logo\/image\/\"}}]}<\/script>\n<!-- \/ Yoast SEO plugin. -->","yoast_head_json":{"title":"OMEGA 3 \u2013 90CAPS - Bio Energica Tunisia","description":"Prenez soin de votre sant\u00e9 au quotidien avec Omega 3 de Creator Nutrition. Riche en acides gras essentiels EPA & DHA, ce compl\u00e9ment est id\u00e9al pour soutenir le bon fonctionnement du c\u0153ur, du cerveau et des articulations.Gr\u00e2ce \u00e0 sa formule de haute qualit\u00e9, il contribue \u00e0 am\u00e9liorer la concentration, renforcer le syst\u00e8me cardiovasculaire et r\u00e9duire l\u2019inflammation, tout en favorisant un bien-\u00eatre g\u00e9n\u00e9ral.","robots":{"index":"index","follow":"follow","max-snippet":"max-snippet:-1","max-image-preview":"max-image-preview:large","max-video-preview":"max-video-preview:-1"},"canonical":"https:\/\/bio-energica.com\/index.php\/product\/omega-3-90caps\/","og_locale":"fr_FR","og_type":"article","og_title":"OMEGA 3 \u2013 90CAPS - Bio Energica Tunisia","og_description":"Prenez soin de votre sant\u00e9 au quotidien avec Omega 3 de Creator Nutrition. Riche en acides gras essentiels EPA & DHA, ce compl\u00e9ment est id\u00e9al pour soutenir le bon fonctionnement du c\u0153ur, du cerveau et des articulations.Gr\u00e2ce \u00e0 sa formule de haute qualit\u00e9, il contribue \u00e0 am\u00e9liorer la concentration, renforcer le syst\u00e8me cardiovasculaire et r\u00e9duire l\u2019inflammation, tout en favorisant un bien-\u00eatre g\u00e9n\u00e9ral.","og_url":"https:\/\/bio-energica.com\/index.php\/product\/omega-3-90caps\/","og_site_name":"Bio Energica Tunisia","article_modified_time":"2026-03-30T19:42:34+00:00","og_image":[{"width":800,"height":800,"url":"https:\/\/bio-energica.com\/wp-content\/uploads\/2026\/03\/OMEGA-3-TUNISIA-TUNISIE.jpg","type":"image\/jpeg"}],"twitter_card":"summary_large_image","twitter_misc":{"Dur\u00e9e de lecture estim\u00e9e":"1 minute"},"schema":{"@context":"https:\/\/schema.org","@graph":[{"@type":"WebPage","@id":"https:\/\/bio-energica.com\/index.php\/product\/omega-3-90caps\/","url":"https:\/\/bio-energica.com\/index.php\/product\/omega-3-90caps\/","name":"OMEGA 3 \u2013 90CAPS - Bio Energica Tunisia","isPartOf":{"@id":"https:\/\/bio-energica.com\/#website"},"primaryImageOfPage":{"@id":"https:\/\/bio-energica.com\/index.php\/product\/omega-3-90caps\/#primaryimage"},"image":{"@id":"https:\/\/bio-energica.com\/index.php\/product\/omega-3-90caps\/#primaryimage"},"thumbnailUrl":"https:\/\/bio-energica.com\/wp-content\/uploads\/2026\/03\/OMEGA-3-TUNISIA-TUNISIE.jpg","datePublished":"2026-03-30T19:15:09+00:00","dateModified":"2026-03-30T19:42:34+00:00","description":"Prenez soin de votre sant\u00e9 au quotidien avec Omega 3 de Creator Nutrition. Riche en acides gras essentiels EPA & DHA, ce compl\u00e9ment est id\u00e9al pour soutenir le bon fonctionnement du c\u0153ur, du cerveau et des articulations.Gr\u00e2ce \u00e0 sa formule de haute qualit\u00e9, il contribue \u00e0 am\u00e9liorer la concentration, renforcer le syst\u00e8me cardiovasculaire et r\u00e9duire l\u2019inflammation, tout en favorisant un bien-\u00eatre g\u00e9n\u00e9ral.","breadcrumb":{"@id":"https:\/\/bio-energica.com\/index.php\/product\/omega-3-90caps\/#breadcrumb"},"inLanguage":"fr-FR","potentialAction":[{"@type":"ReadAction","target":["https:\/\/bio-energica.com\/index.php\/product\/omega-3-90caps\/"]}]},{"@type":"ImageObject","inLanguage":"fr-FR","@id":"https:\/\/bio-energica.com\/index.php\/product\/omega-3-90caps\/#primaryimage","url":"https:\/\/bio-energica.com\/wp-content\/uploads\/2026\/03\/OMEGA-3-TUNISIA-TUNISIE.jpg","contentUrl":"https:\/\/bio-energica.com\/wp-content\/uploads\/2026\/03\/OMEGA-3-TUNISIA-TUNISIE.jpg","width":800,"height":800},{"@type":"BreadcrumbList","@id":"https:\/\/bio-energica.com\/index.php\/product\/omega-3-90caps\/#breadcrumb","itemListElement":[{"@type":"ListItem","position":1,"name":"Home","item":"https:\/\/bio-energica.com\/"},{"@type":"ListItem","position":2,"name":"Products","item":"https:\/\/bio-energica.com\/index.php\/products\/"},{"@type":"ListItem","position":3,"name":"OMEGA 3 \u2013 90CAPS"}]},{"@type":"WebSite","@id":"https:\/\/bio-energica.com\/#website","url":"https:\/\/bio-energica.com\/","name":"Bio Energica Tunisia","description":"","publisher":{"@id":"https:\/\/bio-energica.com\/#organization"},"potentialAction":[{"@type":"SearchAction","target":{"@type":"EntryPoint","urlTemplate":"https:\/\/bio-energica.com\/?s={search_term_string}"},"query-input":{"@type":"PropertyValueSpecification","valueRequired":true,"valueName":"search_term_string"}}],"inLanguage":"fr-FR"},{"@type":"Organization","@id":"https:\/\/bio-energica.com\/#organization","name":"Bio Energica Tunisia","url":"https:\/\/bio-energica.com\/","logo":{"@type":"ImageObject","inLanguage":"fr-FR","@id":"https:\/\/bio-energica.com\/#\/schema\/logo\/image\/","url":"https:\/\/bio-energica.com\/wp-content\/uploads\/2025\/11\/LOLO-scaled.png","contentUrl":"https:\/\/bio-energica.com\/wp-content\/uploads\/2025\/11\/LOLO-scaled.png","width":2560,"height":960,"caption":"Bio Energica Tunisia"},"image":{"@id":"https:\/\/bio-energica.com\/#\/schema\/logo\/image\/"}}]}},"_links":{"self":[{"href":"https:\/\/bio-energica.com\/index.php\/wp-json\/wp\/v2\/product\/4510","targetHints":{"allow":["GET"]}}],"collection":[{"href":"https:\/\/bio-energica.com\/index.php\/wp-json\/wp\/v2\/product"}],"about":[{"href":"https:\/\/bio-energica.com\/index.php\/wp-json\/wp\/v2\/types\/product"}],"replies":[{"embeddable":true,"href":"https:\/\/bio-energica.com\/index.php\/wp-json\/wp\/v2\/comments?post=4510"}],"wp:featuredmedia":[{"embeddable":true,"href":"https:\/\/bio-energica.com\/index.php\/wp-json\/wp\/v2\/media\/4511"}],"wp:attachment":[{"href":"https:\/\/bio-energica.com\/index.php\/wp-json\/wp\/v2\/media?parent=4510"}],"wp:term":[{"taxonomy":"product_brand","embeddable":true,"href":"https:\/\/bio-energica.com\/index.php\/wp-json\/wp\/v2\/product_brand?post=4510"},{"taxonomy":"product_cat","embeddable":true,"href":"https:\/\/bio-energica.com\/index.php\/wp-json\/wp\/v2\/product_cat?post=4510"},{"taxonomy":"product_tag","embeddable":true,"href":"https:\/\/bio-energica.com\/index.php\/wp-json\/wp\/v2\/product_tag?post=4510"}],"curies":[{"name":"wp","href":"https:\/\/api.w.org\/{rel}","templated":true}]}}