{"id":4507,"date":"2026-03-30T19:07:21","date_gmt":"2026-03-30T19:07:21","guid":{"rendered":"https:\/\/bio-energica.com\/?post_type=product&#038;p=4507"},"modified":"2026-03-30T19:13:14","modified_gmt":"2026-03-30T19:13:14","slug":"100-pure-glutamine-300g","status":"publish","type":"product","link":"https:\/\/bio-energica.com\/index.php\/product\/100-pure-glutamine-300g\/","title":{"rendered":"100% PURE GLUTAMINE \u2013 300G"},"content":{"rendered":"<p data-start=\"82\" data-end=\"137\"><strong data-start=\"82\" data-end=\"137\">100% Pure Glutamine \u2013 300g | Creator Nutrition \ud83d\udcaa\ud83d\udd25<\/strong><\/p>\n<p data-start=\"139\" data-end=\"446\">Am\u00e9liorez votre r\u00e9cup\u00e9ration et optimisez vos performances avec <em data-start=\"203\" data-end=\"224\">100% Pure Glutamine<\/em> de <em data-start=\"228\" data-end=\"247\">Creator Nutrition<\/em>. Formul\u00e9e avec de la <em data-start=\"269\" data-end=\"287\">L-Glutamine pure<\/em>, cet acide amin\u00e9 essentiel est id\u00e9al pour les sportifs souhaitant r\u00e9duire la fatigue musculaire et acc\u00e9l\u00e9rer la r\u00e9cup\u00e9ration apr\u00e8s des entra\u00eenements intenses.<\/p>\n<p data-start=\"448\" data-end=\"630\">La glutamine joue un r\u00f4le cl\u00e9 dans la <em data-start=\"486\" data-end=\"509\">r\u00e9paration musculaire<\/em>, le maintien de la masse maigre et le soutien du syst\u00e8me digestif, vous permettant de rester performant jour apr\u00e8s jour.<\/p>\n<p><strong>Mode d&#8217;emploi :<\/strong><\/p>\n<div class=\"product-tabs-wrapper\">\n<div class=\"container\">\n<div class=\"row\">\n<div class=\"col-12 poduct-tabs-inner\">\n<div class=\"woocommerce-tabs wc-tabs-wrapper tabs-layout-tabs\">\n<div class=\"woodmart-tab-wrapper\">\n<div id=\"tab-description\" class=\"woocommerce-Tabs-panel woocommerce-Tabs-panel--description panel entry-content wc-tab\">\n<div class=\"wc-tab-inner \n\t\t\t\t\t\t\t\t\t\t\"><\/p>\n<div class=\"\">\n<div class=\"wpb-content-wrapper\">\n<div class=\"vc_row wpb_row vc_row-fluid\">\n<div class=\"wpb_column vc_column_container vc_col-sm-12\">\n<div class=\"vc_column-inner\">\n<div class=\"wpb_wrapper\">\n<div class=\"wpb_text_column wpb_content_element wpb_animate_when_almost_visible wpb_fadeIn fadeIn wpb_start_animation animated\">\n<div class=\"wpb_wrapper\">\n<p><span dir=\"auto\">M\u00e9langez\u00a0<\/span><strong><span dir=\"auto\">1 mesure<\/span><\/strong><span dir=\"auto\">\u00a0(10 g) dans\u00a0<\/span><strong><span dir=\"auto\">200<\/span><\/strong><span dir=\"auto\"> ml d\u2019eau ou de boissons riches en glucides et consommez directement apr\u00e8s la pr\u00e9paration.<\/span><\/p>\n<\/div>\n<\/div>\n<\/div>\n<\/div>\n<\/div>\n<\/div>\n<\/div>\n<\/div>\n<\/div>\n<\/div>\n<\/div>\n<\/div>\n<\/div>\n<\/div>\n<\/div>\n<\/div>\n","protected":false},"excerpt":{"rendered":"<p>\u2714 Favorise la r\u00e9cup\u00e9ration musculaire rapide<br data-start=\"676\" data-end=\"679\" \/>\u2714 R\u00e9duit la fatigue et le catabolisme<br data-start=\"716\" data-end=\"719\" \/>\u2714 Soutient la masse musculaire<br data-start=\"749\" data-end=\"752\" \/>\u2714 Am\u00e9liore la r\u00e9cup\u00e9ration apr\u00e8s l\u2019effort<br data-start=\"793\" data-end=\"796\" \/>\u2714 Id\u00e9al pour musculation et entra\u00eenements intensifs<\/p>\n","protected":false},"featured_media":4508,"comment_status":"open","ping_status":"closed","template":"","meta":[],"product_brand":[],"product_cat":[61],"product_tag":[],"class_list":{"0":"post-4507","1":"product","2":"type-product","3":"status-publish","4":"has-post-thumbnail","6":"product_cat-complement-alimentaire","8":"first","9":"instock","10":"sale","11":"taxable","12":"shipping-taxable","13":"purchasable","14":"product-type-simple"},"yoast_head":"<!-- This site is optimized with the Yoast SEO plugin v26.6 - https:\/\/yoast.com\/wordpress\/plugins\/seo\/ -->\n<title>100% PURE GLUTAMINE \u2013 300G - Bio Energica Tunisia<\/title>\n<meta name=\"description\" content=\"Am\u00e9liorez votre r\u00e9cup\u00e9ration et optimisez vos performances avec 100% Pure Glutamine de Creator Nutrition. Formul\u00e9e avec de la L-Glutamine pure, cet acide amin\u00e9 essentiel est id\u00e9al pour les sportifs souhaitant r\u00e9duire la fatigue musculaire et acc\u00e9l\u00e9rer la r\u00e9cup\u00e9ration apr\u00e8s des entra\u00eenements intenses.La glutamine joue un r\u00f4le cl\u00e9 dans la r\u00e9paration musculaire, le maintien de la masse maigre et le soutien du syst\u00e8me digestif, vous permettant de rester performant jour apr\u00e8s jour.\" \/>\n<meta name=\"robots\" content=\"index, follow, max-snippet:-1, max-image-preview:large, max-video-preview:-1\" \/>\n<link rel=\"canonical\" href=\"https:\/\/bio-energica.com\/index.php\/product\/100-pure-glutamine-300g\/\" \/>\n<meta property=\"og:locale\" content=\"fr_FR\" \/>\n<meta property=\"og:type\" content=\"article\" \/>\n<meta property=\"og:title\" content=\"100% PURE GLUTAMINE \u2013 300G - Bio Energica Tunisia\" \/>\n<meta property=\"og:description\" content=\"Am\u00e9liorez votre r\u00e9cup\u00e9ration et optimisez vos performances avec 100% Pure Glutamine de Creator Nutrition. Formul\u00e9e avec de la L-Glutamine pure, cet acide amin\u00e9 essentiel est id\u00e9al pour les sportifs souhaitant r\u00e9duire la fatigue musculaire et acc\u00e9l\u00e9rer la r\u00e9cup\u00e9ration apr\u00e8s des entra\u00eenements intenses.La glutamine joue un r\u00f4le cl\u00e9 dans la r\u00e9paration musculaire, le maintien de la masse maigre et le soutien du syst\u00e8me digestif, vous permettant de rester performant jour apr\u00e8s jour.\" \/>\n<meta property=\"og:url\" content=\"https:\/\/bio-energica.com\/index.php\/product\/100-pure-glutamine-300g\/\" \/>\n<meta property=\"og:site_name\" content=\"Bio Energica Tunisia\" \/>\n<meta property=\"article:modified_time\" content=\"2026-03-30T19:13:14+00:00\" \/>\n<meta property=\"og:image\" content=\"https:\/\/bio-energica.com\/wp-content\/uploads\/2026\/03\/pure-glutamine-tunisie-300g-tunis.jpg\" \/>\n\t<meta property=\"og:image:width\" content=\"800\" \/>\n\t<meta property=\"og:image:height\" content=\"800\" \/>\n\t<meta property=\"og:image:type\" content=\"image\/jpeg\" \/>\n<meta name=\"twitter:card\" content=\"summary_large_image\" \/>\n<meta name=\"twitter:label1\" content=\"Dur\u00e9e de lecture estim\u00e9e\" \/>\n\t<meta name=\"twitter:data1\" content=\"1 minute\" \/>\n<script type=\"application\/ld+json\" class=\"yoast-schema-graph\">{\"@context\":\"https:\/\/schema.org\",\"@graph\":[{\"@type\":\"WebPage\",\"@id\":\"https:\/\/bio-energica.com\/index.php\/product\/100-pure-glutamine-300g\/\",\"url\":\"https:\/\/bio-energica.com\/index.php\/product\/100-pure-glutamine-300g\/\",\"name\":\"100% PURE GLUTAMINE \u2013 300G - Bio Energica Tunisia\",\"isPartOf\":{\"@id\":\"https:\/\/bio-energica.com\/#website\"},\"primaryImageOfPage\":{\"@id\":\"https:\/\/bio-energica.com\/index.php\/product\/100-pure-glutamine-300g\/#primaryimage\"},\"image\":{\"@id\":\"https:\/\/bio-energica.com\/index.php\/product\/100-pure-glutamine-300g\/#primaryimage\"},\"thumbnailUrl\":\"https:\/\/bio-energica.com\/wp-content\/uploads\/2026\/03\/pure-glutamine-tunisie-300g-tunis.jpg\",\"datePublished\":\"2026-03-30T19:07:21+00:00\",\"dateModified\":\"2026-03-30T19:13:14+00:00\",\"description\":\"Am\u00e9liorez votre r\u00e9cup\u00e9ration et optimisez vos performances avec 100% Pure Glutamine de Creator Nutrition. Formul\u00e9e avec de la L-Glutamine pure, cet acide amin\u00e9 essentiel est id\u00e9al pour les sportifs souhaitant r\u00e9duire la fatigue musculaire et acc\u00e9l\u00e9rer la r\u00e9cup\u00e9ration apr\u00e8s des entra\u00eenements intenses.La glutamine joue un r\u00f4le cl\u00e9 dans la r\u00e9paration musculaire, le maintien de la masse maigre et le soutien du syst\u00e8me digestif, vous permettant de rester performant jour apr\u00e8s jour.\",\"breadcrumb\":{\"@id\":\"https:\/\/bio-energica.com\/index.php\/product\/100-pure-glutamine-300g\/#breadcrumb\"},\"inLanguage\":\"fr-FR\",\"potentialAction\":[{\"@type\":\"ReadAction\",\"target\":[\"https:\/\/bio-energica.com\/index.php\/product\/100-pure-glutamine-300g\/\"]}]},{\"@type\":\"ImageObject\",\"inLanguage\":\"fr-FR\",\"@id\":\"https:\/\/bio-energica.com\/index.php\/product\/100-pure-glutamine-300g\/#primaryimage\",\"url\":\"https:\/\/bio-energica.com\/wp-content\/uploads\/2026\/03\/pure-glutamine-tunisie-300g-tunis.jpg\",\"contentUrl\":\"https:\/\/bio-energica.com\/wp-content\/uploads\/2026\/03\/pure-glutamine-tunisie-300g-tunis.jpg\",\"width\":800,\"height\":800},{\"@type\":\"BreadcrumbList\",\"@id\":\"https:\/\/bio-energica.com\/index.php\/product\/100-pure-glutamine-300g\/#breadcrumb\",\"itemListElement\":[{\"@type\":\"ListItem\",\"position\":1,\"name\":\"Home\",\"item\":\"https:\/\/bio-energica.com\/\"},{\"@type\":\"ListItem\",\"position\":2,\"name\":\"Products\",\"item\":\"https:\/\/bio-energica.com\/index.php\/products\/\"},{\"@type\":\"ListItem\",\"position\":3,\"name\":\"100% PURE GLUTAMINE \u2013 300G\"}]},{\"@type\":\"WebSite\",\"@id\":\"https:\/\/bio-energica.com\/#website\",\"url\":\"https:\/\/bio-energica.com\/\",\"name\":\"Bio Energica Tunisia\",\"description\":\"\",\"publisher\":{\"@id\":\"https:\/\/bio-energica.com\/#organization\"},\"potentialAction\":[{\"@type\":\"SearchAction\",\"target\":{\"@type\":\"EntryPoint\",\"urlTemplate\":\"https:\/\/bio-energica.com\/?s={search_term_string}\"},\"query-input\":{\"@type\":\"PropertyValueSpecification\",\"valueRequired\":true,\"valueName\":\"search_term_string\"}}],\"inLanguage\":\"fr-FR\"},{\"@type\":\"Organization\",\"@id\":\"https:\/\/bio-energica.com\/#organization\",\"name\":\"Bio Energica Tunisia\",\"url\":\"https:\/\/bio-energica.com\/\",\"logo\":{\"@type\":\"ImageObject\",\"inLanguage\":\"fr-FR\",\"@id\":\"https:\/\/bio-energica.com\/#\/schema\/logo\/image\/\",\"url\":\"https:\/\/bio-energica.com\/wp-content\/uploads\/2025\/11\/LOLO-scaled.png\",\"contentUrl\":\"https:\/\/bio-energica.com\/wp-content\/uploads\/2025\/11\/LOLO-scaled.png\",\"width\":2560,\"height\":960,\"caption\":\"Bio Energica Tunisia\"},\"image\":{\"@id\":\"https:\/\/bio-energica.com\/#\/schema\/logo\/image\/\"}}]}<\/script>\n<!-- \/ Yoast SEO plugin. -->","yoast_head_json":{"title":"100% PURE GLUTAMINE \u2013 300G - Bio Energica Tunisia","description":"Am\u00e9liorez votre r\u00e9cup\u00e9ration et optimisez vos performances avec 100% Pure Glutamine de Creator Nutrition. Formul\u00e9e avec de la L-Glutamine pure, cet acide amin\u00e9 essentiel est id\u00e9al pour les sportifs souhaitant r\u00e9duire la fatigue musculaire et acc\u00e9l\u00e9rer la r\u00e9cup\u00e9ration apr\u00e8s des entra\u00eenements intenses.La glutamine joue un r\u00f4le cl\u00e9 dans la r\u00e9paration musculaire, le maintien de la masse maigre et le soutien du syst\u00e8me digestif, vous permettant de rester performant jour apr\u00e8s jour.","robots":{"index":"index","follow":"follow","max-snippet":"max-snippet:-1","max-image-preview":"max-image-preview:large","max-video-preview":"max-video-preview:-1"},"canonical":"https:\/\/bio-energica.com\/index.php\/product\/100-pure-glutamine-300g\/","og_locale":"fr_FR","og_type":"article","og_title":"100% PURE GLUTAMINE \u2013 300G - Bio Energica Tunisia","og_description":"Am\u00e9liorez votre r\u00e9cup\u00e9ration et optimisez vos performances avec 100% Pure Glutamine de Creator Nutrition. Formul\u00e9e avec de la L-Glutamine pure, cet acide amin\u00e9 essentiel est id\u00e9al pour les sportifs souhaitant r\u00e9duire la fatigue musculaire et acc\u00e9l\u00e9rer la r\u00e9cup\u00e9ration apr\u00e8s des entra\u00eenements intenses.La glutamine joue un r\u00f4le cl\u00e9 dans la r\u00e9paration musculaire, le maintien de la masse maigre et le soutien du syst\u00e8me digestif, vous permettant de rester performant jour apr\u00e8s jour.","og_url":"https:\/\/bio-energica.com\/index.php\/product\/100-pure-glutamine-300g\/","og_site_name":"Bio Energica Tunisia","article_modified_time":"2026-03-30T19:13:14+00:00","og_image":[{"width":800,"height":800,"url":"https:\/\/bio-energica.com\/wp-content\/uploads\/2026\/03\/pure-glutamine-tunisie-300g-tunis.jpg","type":"image\/jpeg"}],"twitter_card":"summary_large_image","twitter_misc":{"Dur\u00e9e de lecture estim\u00e9e":"1 minute"},"schema":{"@context":"https:\/\/schema.org","@graph":[{"@type":"WebPage","@id":"https:\/\/bio-energica.com\/index.php\/product\/100-pure-glutamine-300g\/","url":"https:\/\/bio-energica.com\/index.php\/product\/100-pure-glutamine-300g\/","name":"100% PURE GLUTAMINE \u2013 300G - Bio Energica Tunisia","isPartOf":{"@id":"https:\/\/bio-energica.com\/#website"},"primaryImageOfPage":{"@id":"https:\/\/bio-energica.com\/index.php\/product\/100-pure-glutamine-300g\/#primaryimage"},"image":{"@id":"https:\/\/bio-energica.com\/index.php\/product\/100-pure-glutamine-300g\/#primaryimage"},"thumbnailUrl":"https:\/\/bio-energica.com\/wp-content\/uploads\/2026\/03\/pure-glutamine-tunisie-300g-tunis.jpg","datePublished":"2026-03-30T19:07:21+00:00","dateModified":"2026-03-30T19:13:14+00:00","description":"Am\u00e9liorez votre r\u00e9cup\u00e9ration et optimisez vos performances avec 100% Pure Glutamine de Creator Nutrition. Formul\u00e9e avec de la L-Glutamine pure, cet acide amin\u00e9 essentiel est id\u00e9al pour les sportifs souhaitant r\u00e9duire la fatigue musculaire et acc\u00e9l\u00e9rer la r\u00e9cup\u00e9ration apr\u00e8s des entra\u00eenements intenses.La glutamine joue un r\u00f4le cl\u00e9 dans la r\u00e9paration musculaire, le maintien de la masse maigre et le soutien du syst\u00e8me digestif, vous permettant de rester performant jour apr\u00e8s jour.","breadcrumb":{"@id":"https:\/\/bio-energica.com\/index.php\/product\/100-pure-glutamine-300g\/#breadcrumb"},"inLanguage":"fr-FR","potentialAction":[{"@type":"ReadAction","target":["https:\/\/bio-energica.com\/index.php\/product\/100-pure-glutamine-300g\/"]}]},{"@type":"ImageObject","inLanguage":"fr-FR","@id":"https:\/\/bio-energica.com\/index.php\/product\/100-pure-glutamine-300g\/#primaryimage","url":"https:\/\/bio-energica.com\/wp-content\/uploads\/2026\/03\/pure-glutamine-tunisie-300g-tunis.jpg","contentUrl":"https:\/\/bio-energica.com\/wp-content\/uploads\/2026\/03\/pure-glutamine-tunisie-300g-tunis.jpg","width":800,"height":800},{"@type":"BreadcrumbList","@id":"https:\/\/bio-energica.com\/index.php\/product\/100-pure-glutamine-300g\/#breadcrumb","itemListElement":[{"@type":"ListItem","position":1,"name":"Home","item":"https:\/\/bio-energica.com\/"},{"@type":"ListItem","position":2,"name":"Products","item":"https:\/\/bio-energica.com\/index.php\/products\/"},{"@type":"ListItem","position":3,"name":"100% PURE GLUTAMINE \u2013 300G"}]},{"@type":"WebSite","@id":"https:\/\/bio-energica.com\/#website","url":"https:\/\/bio-energica.com\/","name":"Bio Energica Tunisia","description":"","publisher":{"@id":"https:\/\/bio-energica.com\/#organization"},"potentialAction":[{"@type":"SearchAction","target":{"@type":"EntryPoint","urlTemplate":"https:\/\/bio-energica.com\/?s={search_term_string}"},"query-input":{"@type":"PropertyValueSpecification","valueRequired":true,"valueName":"search_term_string"}}],"inLanguage":"fr-FR"},{"@type":"Organization","@id":"https:\/\/bio-energica.com\/#organization","name":"Bio Energica Tunisia","url":"https:\/\/bio-energica.com\/","logo":{"@type":"ImageObject","inLanguage":"fr-FR","@id":"https:\/\/bio-energica.com\/#\/schema\/logo\/image\/","url":"https:\/\/bio-energica.com\/wp-content\/uploads\/2025\/11\/LOLO-scaled.png","contentUrl":"https:\/\/bio-energica.com\/wp-content\/uploads\/2025\/11\/LOLO-scaled.png","width":2560,"height":960,"caption":"Bio Energica Tunisia"},"image":{"@id":"https:\/\/bio-energica.com\/#\/schema\/logo\/image\/"}}]}},"_links":{"self":[{"href":"https:\/\/bio-energica.com\/index.php\/wp-json\/wp\/v2\/product\/4507","targetHints":{"allow":["GET"]}}],"collection":[{"href":"https:\/\/bio-energica.com\/index.php\/wp-json\/wp\/v2\/product"}],"about":[{"href":"https:\/\/bio-energica.com\/index.php\/wp-json\/wp\/v2\/types\/product"}],"replies":[{"embeddable":true,"href":"https:\/\/bio-energica.com\/index.php\/wp-json\/wp\/v2\/comments?post=4507"}],"wp:featuredmedia":[{"embeddable":true,"href":"https:\/\/bio-energica.com\/index.php\/wp-json\/wp\/v2\/media\/4508"}],"wp:attachment":[{"href":"https:\/\/bio-energica.com\/index.php\/wp-json\/wp\/v2\/media?parent=4507"}],"wp:term":[{"taxonomy":"product_brand","embeddable":true,"href":"https:\/\/bio-energica.com\/index.php\/wp-json\/wp\/v2\/product_brand?post=4507"},{"taxonomy":"product_cat","embeddable":true,"href":"https:\/\/bio-energica.com\/index.php\/wp-json\/wp\/v2\/product_cat?post=4507"},{"taxonomy":"product_tag","embeddable":true,"href":"https:\/\/bio-energica.com\/index.php\/wp-json\/wp\/v2\/product_tag?post=4507"}],"curies":[{"name":"wp","href":"https:\/\/api.w.org\/{rel}","templated":true}]}}