{"id":4502,"date":"2026-03-30T18:44:59","date_gmt":"2026-03-30T18:44:59","guid":{"rendered":"https:\/\/bio-energica.com\/?post_type=product&#038;p=4502"},"modified":"2026-03-30T19:05:41","modified_gmt":"2026-03-30T19:05:41","slug":"creatine-monohydrate-300g","status":"publish","type":"product","link":"https:\/\/bio-energica.com\/index.php\/product\/creatine-monohydrate-300g\/","title":{"rendered":"CREATINE MONOHYDRATE \u2013 300G"},"content":{"rendered":"<p data-start=\"85\" data-end=\"154\"><strong data-start=\"85\" data-end=\"154\">Creator Creatine \u2013 Puissance &amp; Performance Maximale \ud83d\udcaa\ud83d\udd25<\/strong><\/p>\n<p data-start=\"156\" data-end=\"464\">Boostez vos performances avec <strong data-start=\"85\" data-end=\"154\">Creator <\/strong><em data-start=\"186\" data-end=\"213\"><strong>Nutrition<\/strong> <strong>Creatine<\/strong><\/em>, un compl\u00e9ment alimentaire haut de gamme con\u00e7u pour les sportifs ambitieux. Gr\u00e2ce \u00e0 sa formule enrichie en <em data-start=\"321\" data-end=\"348\">cr\u00e9atine monohydrate pure<\/em>, ce produit aide \u00e0 augmenter la force musculaire, am\u00e9liorer l\u2019endurance et maximiser vos r\u00e9sultats \u00e0 chaque s\u00e9ance.<\/p>\n<p data-start=\"466\" data-end=\"649\">Enrichi en <em data-start=\"477\" data-end=\"488\">L-Taurine<\/em> et <em data-start=\"492\" data-end=\"505\">vitamine B6<\/em>, il favorise une meilleure r\u00e9cup\u00e9ration, r\u00e9duit la fatigue et soutient votre \u00e9nergie globale pour des entra\u00eenements plus intenses et efficaces.<\/p>\n<p data-start=\"651\" data-end=\"872\">\u2714 Am\u00e9liore la force et la puissance<br data-start=\"686\" data-end=\"689\" \/>\u2714 Favorise la prise de masse musculaire<br data-start=\"728\" data-end=\"731\" \/>\u2714 Acc\u00e9l\u00e8re la r\u00e9cup\u00e9ration apr\u00e8s l\u2019effort<br data-start=\"772\" data-end=\"775\" \/>\u2714 R\u00e9duit la fatigue et booste l\u2019\u00e9nergie<br data-start=\"814\" data-end=\"817\" \/>\u2714 Id\u00e9al pour musculation, fitness et sports intensifs<\/p>\n<p data-start=\"874\" data-end=\"975\">\ud83d\udc49 <em data-start=\"877\" data-end=\"975\">Atteignez vos objectifs plus rapidement et d\u00e9passez vos limites avec <strong data-start=\"85\" data-end=\"154\">Creator <\/strong><strong>Nutrition<\/strong> <strong>Creatine<\/strong> !<\/em><\/p>\n<p><strong>Mode d&#8217;emploi :<\/strong><\/p>\n<p>\u2714\ufe0f M\u00e9langer 1 scoop (5g) avec 250-350 ml d\u2019eau, de jus ou de boisson prot\u00e9in\u00e9e.<\/p>\n<p>\u2714\ufe0f Consommer 30 minutes avant ou juste apr\u00e8s l&rsquo;entra\u00eenement.<\/p>\n<p>\u2714\ufe0f \u00c0 utiliser en compl\u00e9ment d&rsquo;une alimentation \u00e9quilibr\u00e9e et d\u2019un programme d&rsquo;entra\u00eenement<\/p>\n<h4>Conservation :<\/h4>\n<p>Conserver dans un endroit frais et sec, \u00e0 l\u2019abri de la lumi\u00e8re directe. Bien refermer apr\u00e8s chaque utilisation.<\/p>\n","protected":false},"excerpt":{"rendered":"<p data-start=\"44\" data-end=\"280\"><strong data-start=\"85\" data-end=\"154\">Creator <\/strong><em data-start=\"186\" data-end=\"213\"><strong>Nutrition<\/strong> <strong>Creatine<\/strong><\/em> est un compl\u00e9ment alimentaire de <em data-start=\"105\" data-end=\"149\">cr\u00e9atine monohydrate de qualit\u00e9 sup\u00e9rieure<\/em>, con\u00e7u pour <em data-start=\"162\" data-end=\"193\" data-is-only-node=\"\">am\u00e9liorer la force musculaire<\/em>, <em data-start=\"195\" data-end=\"231\">booster les performances sportives<\/em> et <em data-start=\"235\" data-end=\"262\">acc\u00e9l\u00e9rer la r\u00e9cup\u00e9ration<\/em> apr\u00e8s l\u2019effort.<\/p>\n<p data-start=\"282\" data-end=\"481\" data-is-last-node=\"\" data-is-only-node=\"\">Sa formule avanc\u00e9e associe <em data-start=\"309\" data-end=\"336\">cr\u00e9atine monohydrate pure<\/em>, <em data-start=\"338\" data-end=\"349\">L-Taurine<\/em> et <em data-start=\"353\" data-end=\"366\">vitamine B6<\/em>, pour soutenir les <em data-start=\"386\" data-end=\"406\">sportifs exigeants<\/em> et les <em data-start=\"414\" data-end=\"439\">amateurs de musculation<\/em> souhaitant <em data-start=\"451\" data-end=\"475\">d\u00e9passer leurs limites<\/em>. \ud83d\udcaa\ud83d\udd25<\/p>\n","protected":false},"featured_media":4506,"comment_status":"open","ping_status":"closed","template":"","meta":[],"product_brand":[],"product_cat":[61,63],"product_tag":[],"class_list":{"0":"post-4502","1":"product","2":"type-product","3":"status-publish","4":"has-post-thumbnail","6":"product_cat-complement-alimentaire","7":"product_cat-creatine","9":"first","10":"instock","11":"sale","12":"taxable","13":"shipping-taxable","14":"purchasable","15":"product-type-simple"},"yoast_head":"<!-- This site is optimized with the Yoast SEO plugin v26.6 - https:\/\/yoast.com\/wordpress\/plugins\/seo\/ -->\n<title>CREATINE MONOHYDRATE \u2013 300G - Bio Energica Tunisia<\/title>\n<meta name=\"description\" content=\"Boostez vos performances avec Creator Nutrition Creatine, un compl\u00e9ment alimentaire haut de gamme con\u00e7u pour les sportifs ambitieux. Gr\u00e2ce \u00e0 sa formule enrichie en cr\u00e9atine monohydrate pure, ce produit aide \u00e0 augmenter la force musculaire, am\u00e9liorer l\u2019endurance et maximiser vos r\u00e9sultats \u00e0 chaque s\u00e9ance.Enrichi en L-Taurine et vitamine B6, il favorise une meilleure r\u00e9cup\u00e9ration, r\u00e9duit la fatigue et soutient votre \u00e9nergie globale pour des entra\u00eenements plus intenses et efficaces.\" \/>\n<meta name=\"robots\" content=\"index, follow, max-snippet:-1, max-image-preview:large, max-video-preview:-1\" \/>\n<link rel=\"canonical\" href=\"https:\/\/bio-energica.com\/index.php\/product\/creatine-monohydrate-300g\/\" \/>\n<meta property=\"og:locale\" content=\"fr_FR\" \/>\n<meta property=\"og:type\" content=\"article\" \/>\n<meta property=\"og:title\" content=\"CREATINE MONOHYDRATE \u2013 300G - Bio Energica Tunisia\" \/>\n<meta property=\"og:description\" content=\"Boostez vos performances avec Creator Nutrition Creatine, un compl\u00e9ment alimentaire haut de gamme con\u00e7u pour les sportifs ambitieux. Gr\u00e2ce \u00e0 sa formule enrichie en cr\u00e9atine monohydrate pure, ce produit aide \u00e0 augmenter la force musculaire, am\u00e9liorer l\u2019endurance et maximiser vos r\u00e9sultats \u00e0 chaque s\u00e9ance.Enrichi en L-Taurine et vitamine B6, il favorise une meilleure r\u00e9cup\u00e9ration, r\u00e9duit la fatigue et soutient votre \u00e9nergie globale pour des entra\u00eenements plus intenses et efficaces.\" \/>\n<meta property=\"og:url\" content=\"https:\/\/bio-energica.com\/index.php\/product\/creatine-monohydrate-300g\/\" \/>\n<meta property=\"og:site_name\" content=\"Bio Energica Tunisia\" \/>\n<meta property=\"article:modified_time\" content=\"2026-03-30T19:05:41+00:00\" \/>\n<meta property=\"og:image\" content=\"https:\/\/bio-energica.com\/wp-content\/uploads\/2026\/03\/creatine-monohydrate-300g-tunisie-creator-nutrition-jpg.jpg\" \/>\n\t<meta property=\"og:image:width\" content=\"800\" \/>\n\t<meta property=\"og:image:height\" content=\"800\" \/>\n\t<meta property=\"og:image:type\" content=\"image\/jpeg\" \/>\n<meta name=\"twitter:card\" content=\"summary_large_image\" \/>\n<meta name=\"twitter:label1\" content=\"Dur\u00e9e de lecture estim\u00e9e\" \/>\n\t<meta name=\"twitter:data1\" content=\"2 minutes\" \/>\n<script type=\"application\/ld+json\" class=\"yoast-schema-graph\">{\"@context\":\"https:\/\/schema.org\",\"@graph\":[{\"@type\":\"WebPage\",\"@id\":\"https:\/\/bio-energica.com\/index.php\/product\/creatine-monohydrate-300g\/\",\"url\":\"https:\/\/bio-energica.com\/index.php\/product\/creatine-monohydrate-300g\/\",\"name\":\"CREATINE MONOHYDRATE \u2013 300G - Bio Energica Tunisia\",\"isPartOf\":{\"@id\":\"https:\/\/bio-energica.com\/#website\"},\"primaryImageOfPage\":{\"@id\":\"https:\/\/bio-energica.com\/index.php\/product\/creatine-monohydrate-300g\/#primaryimage\"},\"image\":{\"@id\":\"https:\/\/bio-energica.com\/index.php\/product\/creatine-monohydrate-300g\/#primaryimage\"},\"thumbnailUrl\":\"https:\/\/bio-energica.com\/wp-content\/uploads\/2026\/03\/creatine-monohydrate-300g-tunisie-creator-nutrition-jpg.jpg\",\"datePublished\":\"2026-03-30T18:44:59+00:00\",\"dateModified\":\"2026-03-30T19:05:41+00:00\",\"description\":\"Boostez vos performances avec Creator Nutrition Creatine, un compl\u00e9ment alimentaire haut de gamme con\u00e7u pour les sportifs ambitieux. Gr\u00e2ce \u00e0 sa formule enrichie en cr\u00e9atine monohydrate pure, ce produit aide \u00e0 augmenter la force musculaire, am\u00e9liorer l\u2019endurance et maximiser vos r\u00e9sultats \u00e0 chaque s\u00e9ance.Enrichi en L-Taurine et vitamine B6, il favorise une meilleure r\u00e9cup\u00e9ration, r\u00e9duit la fatigue et soutient votre \u00e9nergie globale pour des entra\u00eenements plus intenses et efficaces.\",\"breadcrumb\":{\"@id\":\"https:\/\/bio-energica.com\/index.php\/product\/creatine-monohydrate-300g\/#breadcrumb\"},\"inLanguage\":\"fr-FR\",\"potentialAction\":[{\"@type\":\"ReadAction\",\"target\":[\"https:\/\/bio-energica.com\/index.php\/product\/creatine-monohydrate-300g\/\"]}]},{\"@type\":\"ImageObject\",\"inLanguage\":\"fr-FR\",\"@id\":\"https:\/\/bio-energica.com\/index.php\/product\/creatine-monohydrate-300g\/#primaryimage\",\"url\":\"https:\/\/bio-energica.com\/wp-content\/uploads\/2026\/03\/creatine-monohydrate-300g-tunisie-creator-nutrition-jpg.jpg\",\"contentUrl\":\"https:\/\/bio-energica.com\/wp-content\/uploads\/2026\/03\/creatine-monohydrate-300g-tunisie-creator-nutrition-jpg.jpg\",\"width\":800,\"height\":800},{\"@type\":\"BreadcrumbList\",\"@id\":\"https:\/\/bio-energica.com\/index.php\/product\/creatine-monohydrate-300g\/#breadcrumb\",\"itemListElement\":[{\"@type\":\"ListItem\",\"position\":1,\"name\":\"Home\",\"item\":\"https:\/\/bio-energica.com\/\"},{\"@type\":\"ListItem\",\"position\":2,\"name\":\"Products\",\"item\":\"https:\/\/bio-energica.com\/index.php\/products\/\"},{\"@type\":\"ListItem\",\"position\":3,\"name\":\"CREATINE MONOHYDRATE \u2013 300G\"}]},{\"@type\":\"WebSite\",\"@id\":\"https:\/\/bio-energica.com\/#website\",\"url\":\"https:\/\/bio-energica.com\/\",\"name\":\"Bio Energica Tunisia\",\"description\":\"\",\"publisher\":{\"@id\":\"https:\/\/bio-energica.com\/#organization\"},\"potentialAction\":[{\"@type\":\"SearchAction\",\"target\":{\"@type\":\"EntryPoint\",\"urlTemplate\":\"https:\/\/bio-energica.com\/?s={search_term_string}\"},\"query-input\":{\"@type\":\"PropertyValueSpecification\",\"valueRequired\":true,\"valueName\":\"search_term_string\"}}],\"inLanguage\":\"fr-FR\"},{\"@type\":\"Organization\",\"@id\":\"https:\/\/bio-energica.com\/#organization\",\"name\":\"Bio Energica Tunisia\",\"url\":\"https:\/\/bio-energica.com\/\",\"logo\":{\"@type\":\"ImageObject\",\"inLanguage\":\"fr-FR\",\"@id\":\"https:\/\/bio-energica.com\/#\/schema\/logo\/image\/\",\"url\":\"https:\/\/bio-energica.com\/wp-content\/uploads\/2025\/11\/LOLO-scaled.png\",\"contentUrl\":\"https:\/\/bio-energica.com\/wp-content\/uploads\/2025\/11\/LOLO-scaled.png\",\"width\":2560,\"height\":960,\"caption\":\"Bio Energica Tunisia\"},\"image\":{\"@id\":\"https:\/\/bio-energica.com\/#\/schema\/logo\/image\/\"}}]}<\/script>\n<!-- \/ Yoast SEO plugin. -->","yoast_head_json":{"title":"CREATINE MONOHYDRATE \u2013 300G - Bio Energica Tunisia","description":"Boostez vos performances avec Creator Nutrition Creatine, un compl\u00e9ment alimentaire haut de gamme con\u00e7u pour les sportifs ambitieux. Gr\u00e2ce \u00e0 sa formule enrichie en cr\u00e9atine monohydrate pure, ce produit aide \u00e0 augmenter la force musculaire, am\u00e9liorer l\u2019endurance et maximiser vos r\u00e9sultats \u00e0 chaque s\u00e9ance.Enrichi en L-Taurine et vitamine B6, il favorise une meilleure r\u00e9cup\u00e9ration, r\u00e9duit la fatigue et soutient votre \u00e9nergie globale pour des entra\u00eenements plus intenses et efficaces.","robots":{"index":"index","follow":"follow","max-snippet":"max-snippet:-1","max-image-preview":"max-image-preview:large","max-video-preview":"max-video-preview:-1"},"canonical":"https:\/\/bio-energica.com\/index.php\/product\/creatine-monohydrate-300g\/","og_locale":"fr_FR","og_type":"article","og_title":"CREATINE MONOHYDRATE \u2013 300G - Bio Energica Tunisia","og_description":"Boostez vos performances avec Creator Nutrition Creatine, un compl\u00e9ment alimentaire haut de gamme con\u00e7u pour les sportifs ambitieux. Gr\u00e2ce \u00e0 sa formule enrichie en cr\u00e9atine monohydrate pure, ce produit aide \u00e0 augmenter la force musculaire, am\u00e9liorer l\u2019endurance et maximiser vos r\u00e9sultats \u00e0 chaque s\u00e9ance.Enrichi en L-Taurine et vitamine B6, il favorise une meilleure r\u00e9cup\u00e9ration, r\u00e9duit la fatigue et soutient votre \u00e9nergie globale pour des entra\u00eenements plus intenses et efficaces.","og_url":"https:\/\/bio-energica.com\/index.php\/product\/creatine-monohydrate-300g\/","og_site_name":"Bio Energica Tunisia","article_modified_time":"2026-03-30T19:05:41+00:00","og_image":[{"width":800,"height":800,"url":"https:\/\/bio-energica.com\/wp-content\/uploads\/2026\/03\/creatine-monohydrate-300g-tunisie-creator-nutrition-jpg.jpg","type":"image\/jpeg"}],"twitter_card":"summary_large_image","twitter_misc":{"Dur\u00e9e de lecture estim\u00e9e":"2 minutes"},"schema":{"@context":"https:\/\/schema.org","@graph":[{"@type":"WebPage","@id":"https:\/\/bio-energica.com\/index.php\/product\/creatine-monohydrate-300g\/","url":"https:\/\/bio-energica.com\/index.php\/product\/creatine-monohydrate-300g\/","name":"CREATINE MONOHYDRATE \u2013 300G - Bio Energica Tunisia","isPartOf":{"@id":"https:\/\/bio-energica.com\/#website"},"primaryImageOfPage":{"@id":"https:\/\/bio-energica.com\/index.php\/product\/creatine-monohydrate-300g\/#primaryimage"},"image":{"@id":"https:\/\/bio-energica.com\/index.php\/product\/creatine-monohydrate-300g\/#primaryimage"},"thumbnailUrl":"https:\/\/bio-energica.com\/wp-content\/uploads\/2026\/03\/creatine-monohydrate-300g-tunisie-creator-nutrition-jpg.jpg","datePublished":"2026-03-30T18:44:59+00:00","dateModified":"2026-03-30T19:05:41+00:00","description":"Boostez vos performances avec Creator Nutrition Creatine, un compl\u00e9ment alimentaire haut de gamme con\u00e7u pour les sportifs ambitieux. Gr\u00e2ce \u00e0 sa formule enrichie en cr\u00e9atine monohydrate pure, ce produit aide \u00e0 augmenter la force musculaire, am\u00e9liorer l\u2019endurance et maximiser vos r\u00e9sultats \u00e0 chaque s\u00e9ance.Enrichi en L-Taurine et vitamine B6, il favorise une meilleure r\u00e9cup\u00e9ration, r\u00e9duit la fatigue et soutient votre \u00e9nergie globale pour des entra\u00eenements plus intenses et efficaces.","breadcrumb":{"@id":"https:\/\/bio-energica.com\/index.php\/product\/creatine-monohydrate-300g\/#breadcrumb"},"inLanguage":"fr-FR","potentialAction":[{"@type":"ReadAction","target":["https:\/\/bio-energica.com\/index.php\/product\/creatine-monohydrate-300g\/"]}]},{"@type":"ImageObject","inLanguage":"fr-FR","@id":"https:\/\/bio-energica.com\/index.php\/product\/creatine-monohydrate-300g\/#primaryimage","url":"https:\/\/bio-energica.com\/wp-content\/uploads\/2026\/03\/creatine-monohydrate-300g-tunisie-creator-nutrition-jpg.jpg","contentUrl":"https:\/\/bio-energica.com\/wp-content\/uploads\/2026\/03\/creatine-monohydrate-300g-tunisie-creator-nutrition-jpg.jpg","width":800,"height":800},{"@type":"BreadcrumbList","@id":"https:\/\/bio-energica.com\/index.php\/product\/creatine-monohydrate-300g\/#breadcrumb","itemListElement":[{"@type":"ListItem","position":1,"name":"Home","item":"https:\/\/bio-energica.com\/"},{"@type":"ListItem","position":2,"name":"Products","item":"https:\/\/bio-energica.com\/index.php\/products\/"},{"@type":"ListItem","position":3,"name":"CREATINE MONOHYDRATE \u2013 300G"}]},{"@type":"WebSite","@id":"https:\/\/bio-energica.com\/#website","url":"https:\/\/bio-energica.com\/","name":"Bio Energica Tunisia","description":"","publisher":{"@id":"https:\/\/bio-energica.com\/#organization"},"potentialAction":[{"@type":"SearchAction","target":{"@type":"EntryPoint","urlTemplate":"https:\/\/bio-energica.com\/?s={search_term_string}"},"query-input":{"@type":"PropertyValueSpecification","valueRequired":true,"valueName":"search_term_string"}}],"inLanguage":"fr-FR"},{"@type":"Organization","@id":"https:\/\/bio-energica.com\/#organization","name":"Bio Energica Tunisia","url":"https:\/\/bio-energica.com\/","logo":{"@type":"ImageObject","inLanguage":"fr-FR","@id":"https:\/\/bio-energica.com\/#\/schema\/logo\/image\/","url":"https:\/\/bio-energica.com\/wp-content\/uploads\/2025\/11\/LOLO-scaled.png","contentUrl":"https:\/\/bio-energica.com\/wp-content\/uploads\/2025\/11\/LOLO-scaled.png","width":2560,"height":960,"caption":"Bio Energica Tunisia"},"image":{"@id":"https:\/\/bio-energica.com\/#\/schema\/logo\/image\/"}}]}},"_links":{"self":[{"href":"https:\/\/bio-energica.com\/index.php\/wp-json\/wp\/v2\/product\/4502","targetHints":{"allow":["GET"]}}],"collection":[{"href":"https:\/\/bio-energica.com\/index.php\/wp-json\/wp\/v2\/product"}],"about":[{"href":"https:\/\/bio-energica.com\/index.php\/wp-json\/wp\/v2\/types\/product"}],"replies":[{"embeddable":true,"href":"https:\/\/bio-energica.com\/index.php\/wp-json\/wp\/v2\/comments?post=4502"}],"wp:featuredmedia":[{"embeddable":true,"href":"https:\/\/bio-energica.com\/index.php\/wp-json\/wp\/v2\/media\/4506"}],"wp:attachment":[{"href":"https:\/\/bio-energica.com\/index.php\/wp-json\/wp\/v2\/media?parent=4502"}],"wp:term":[{"taxonomy":"product_brand","embeddable":true,"href":"https:\/\/bio-energica.com\/index.php\/wp-json\/wp\/v2\/product_brand?post=4502"},{"taxonomy":"product_cat","embeddable":true,"href":"https:\/\/bio-energica.com\/index.php\/wp-json\/wp\/v2\/product_cat?post=4502"},{"taxonomy":"product_tag","embeddable":true,"href":"https:\/\/bio-energica.com\/index.php\/wp-json\/wp\/v2\/product_tag?post=4502"}],"curies":[{"name":"wp","href":"https:\/\/api.w.org\/{rel}","templated":true}]}}