{"id":4494,"date":"2026-03-30T18:21:19","date_gmt":"2026-03-30T18:21:19","guid":{"rendered":"https:\/\/bio-energica.com\/?post_type=product&#038;p=4494"},"modified":"2026-03-30T18:58:46","modified_gmt":"2026-03-30T18:58:46","slug":"flex-collagen-hyaluronic-acid-400g","status":"publish","type":"product","link":"https:\/\/bio-energica.com\/index.php\/product\/flex-collagen-hyaluronic-acid-400g\/","title":{"rendered":"FLEX COLLAGEN + HYALURONIC ACID \u2013 400G"},"content":{"rendered":"<p>\u2013\u00a0<strong data-start=\"1429\" data-end=\"1468\">Soutenir la sant\u00e9 des articulations<\/strong>\u00a0et r\u00e9duire rigidit\u00e9 ou inconfort<br data-start=\"1501\" data-end=\"1504\" \/>\u2013\u00a0<strong data-start=\"1506\" data-end=\"1548\">Favoriser la r\u00e9g\u00e9n\u00e9ration du cartilage<\/strong>\u00a0et la flexibilit\u00e9<br data-start=\"1566\" data-end=\"1569\" \/>\u2013\u00a0<strong data-start=\"1571\" data-end=\"1619\">Am\u00e9liorer la peau, les ongles et les cheveux<\/strong><br data-start=\"1619\" data-end=\"1622\" \/>\u2013\u00a0<strong data-start=\"1624\" data-end=\"1678\">Contribuer \u00e0 une meilleure r\u00e9cup\u00e9ration des tissus<\/strong><br data-start=\"1678\" data-end=\"1681\" \/>\u2013\u00a0<strong data-start=\"1683\" data-end=\"1755\">Formule 5-en-1 hautement concentr\u00e9e, sans sucres ni mati\u00e8res grasses<\/strong>, au go\u00fbt citron frais.<br \/>\n<strong data-start=\"748\" data-end=\"775\">\u2013 Collag\u00e8ne hydrolys\u00e9 pur<\/strong>\u00a0\u2013 pour renforcer les tissus conjonctifs et soutenir la structure de la peau, des articulations, des ongles et des cheveux.<br data-start=\"898\" data-end=\"901\" \/><strong data-start=\"904\" data-end=\"935\">\u2013MSM (m\u00e9thylsulfonylm\u00e9thane)<\/strong>\u00a0\u2013 source de soufre organique participant \u00e0 la synth\u00e8se du collag\u00e8ne et au bien-\u00eatre articulaire.<br data-start=\"1032\" data-end=\"1035\" \/><strong data-start=\"1038\" data-end=\"1053\">\u2013Glucosamine<\/strong>\u00a0\u2013 aide \u00e0 la r\u00e9g\u00e9n\u00e9ration et \u00e0 la protection du cartilage articulaire.<br data-start=\"1123\" data-end=\"1126\" \/><strong data-start=\"1129\" data-end=\"1143\">\u2013Vitamine C<\/strong>\u00a0\u2013 contribue \u00e0 la synth\u00e8se normale du collag\u00e8ne et agit comme antioxydant.<br data-start=\"1217\" data-end=\"1220\" \/><strong>\u2013Acide hyaluronique<\/strong>\u00a0\u2013 favorise l\u2019hydratation des tissus et la lubrification des articulations.<\/p>\n<h4 data-start=\"1822\" data-end=\"1846\"><strong data-start=\"1826\" data-end=\"1846\">Mode d\u2019emploi<\/strong><\/h4>\n<p data-start=\"1847\" data-end=\"2090\">\u2013M\u00e9langez <strong data-start=\"1859\" data-end=\"1876\">1 dose (20 g)<\/strong>\u00a0dans\u00a0<strong data-start=\"1882\" data-end=\"1911\">200 \u00e0 250 ml d\u2019eau froide<\/strong>.<br data-start=\"1912\" data-end=\"1915\" \/>\u2013consommer <strong data-start=\"1930\" data-end=\"1951\">une fois par jour<\/strong>, de pr\u00e9f\u00e9rence\u00a0<strong data-start=\"1967\" data-end=\"2010\">le matin \u00e0 jeun ou apr\u00e8s l\u2019entra\u00eenement<\/strong>.<br data-start=\"2011\" data-end=\"2014\" \/>\u2013Ne pas d\u00e9passer la dose recommand\u00e9e.<\/p>\n","protected":false},"excerpt":{"rendered":"<div class=\"woocommerce-product-details__short-description\">\n<div id=\"product-description-short-897\" class=\"product-description\">\n<p><strong>Flex Collagen + Hyaluronic Acid \u2013 Collag\u00e8ne MSM Glucosamine &amp; Vitamine C | Luxury Nutrition Tunisie<\/strong><\/p>\n<p><strong>Flex Collagen + Hyaluronic Acid\u00a0<\/strong>de\u00a0<strong>Luxury Nutrition<\/strong>\u00a0est une formule hautement concentr\u00e9e pour la\u00a0<strong>sant\u00e9 des articulations<\/strong>, de la\u00a0<strong>peau<\/strong>\u00a0et des\u00a0<strong>tissus conjonctifs<\/strong>.<\/p>\n<p>Sa composition associe du<strong>\u00a0collag\u00e8ne hydrolys\u00e9 pur<\/strong>, du\u00a0<strong>MSM<\/strong>, de la\u00a0<strong>glucosamine<\/strong>, de la<strong>\u00a0vitamine C<\/strong>\u00a0et de l\u2019<strong>acide hyaluronique<\/strong>, reconnus pour leurs effets synergiques sur la\u00a0<strong>r\u00e9g\u00e9n\u00e9ration du cartilage<\/strong>, la\u00a0<strong>souplesse articulaire<\/strong>\u00a0et la\u00a0<strong>fermet\u00e9 de la peau<\/strong>.<\/p>\n<p>Gr\u00e2ce \u00e0 sa formule \u2013<strong>High Quality \/ No Fillers<br \/>\n<\/strong><strong>Flex Collagen<\/strong>\u00a0fournit des doses cliniquement efficaces, sans sucre ni graisse, et au go\u00fbt citron frais.<\/p>\n<\/div>\n<\/div>\n","protected":false},"featured_media":4504,"comment_status":"open","ping_status":"closed","template":"","meta":[],"product_brand":[],"product_cat":[62,61],"product_tag":[],"class_list":{"0":"post-4494","1":"product","2":"type-product","3":"status-publish","4":"has-post-thumbnail","6":"product_cat-collagen","7":"product_cat-complement-alimentaire","9":"first","10":"instock","11":"sale","12":"taxable","13":"shipping-taxable","14":"purchasable","15":"product-type-simple"},"yoast_head":"<!-- This site is optimized with the Yoast SEO plugin v26.6 - https:\/\/yoast.com\/wordpress\/plugins\/seo\/ -->\n<title>FLEX COLLAGEN + HYALURONIC ACID \u2013 400G - Bio Energica Tunisia<\/title>\n<meta name=\"description\" content=\"\u2013\u00a0Soutenir la sant\u00e9 des articulations\u00a0et r\u00e9duire rigidit\u00e9 ou inconfort\u2013\u00a0Favoriser la r\u00e9g\u00e9n\u00e9ration du cartilage\u00a0et la flexibilit\u00e9\u2013\u00a0Am\u00e9liorer la peau, les ongles et les cheveux\u2013\u00a0Contribuer \u00e0 une meilleure r\u00e9cup\u00e9ration des tissus\u2013\u00a0Formule 5-en-1 hautement concentr\u00e9e, sans sucres ni mati\u00e8res grasses, au go\u00fbt citron frais.\u2013 Collag\u00e8ne hydrolys\u00e9 pur\u00a0\u2013 pour renforcer les tissus conjonctifs et soutenir la structure de la peau, des articulations, des ongles et des cheveux.\" \/>\n<meta name=\"robots\" content=\"index, follow, max-snippet:-1, max-image-preview:large, max-video-preview:-1\" \/>\n<link rel=\"canonical\" href=\"https:\/\/bio-energica.com\/index.php\/product\/flex-collagen-hyaluronic-acid-400g\/\" \/>\n<meta property=\"og:locale\" content=\"fr_FR\" \/>\n<meta property=\"og:type\" content=\"article\" \/>\n<meta property=\"og:title\" content=\"FLEX COLLAGEN + HYALURONIC ACID \u2013 400G - Bio Energica Tunisia\" \/>\n<meta property=\"og:description\" content=\"\u2013\u00a0Soutenir la sant\u00e9 des articulations\u00a0et r\u00e9duire rigidit\u00e9 ou inconfort\u2013\u00a0Favoriser la r\u00e9g\u00e9n\u00e9ration du cartilage\u00a0et la flexibilit\u00e9\u2013\u00a0Am\u00e9liorer la peau, les ongles et les cheveux\u2013\u00a0Contribuer \u00e0 une meilleure r\u00e9cup\u00e9ration des tissus\u2013\u00a0Formule 5-en-1 hautement concentr\u00e9e, sans sucres ni mati\u00e8res grasses, au go\u00fbt citron frais.\u2013 Collag\u00e8ne hydrolys\u00e9 pur\u00a0\u2013 pour renforcer les tissus conjonctifs et soutenir la structure de la peau, des articulations, des ongles et des cheveux.\" \/>\n<meta property=\"og:url\" content=\"https:\/\/bio-energica.com\/index.php\/product\/flex-collagen-hyaluronic-acid-400g\/\" \/>\n<meta property=\"og:site_name\" content=\"Bio Energica Tunisia\" \/>\n<meta property=\"article:modified_time\" content=\"2026-03-30T18:58:46+00:00\" \/>\n<meta property=\"og:image\" content=\"https:\/\/bio-energica.com\/wp-content\/uploads\/2026\/03\/COLLAGEN-LUXURY-TUNISIA-400G-tunis-tunisia.jpg\" \/>\n\t<meta property=\"og:image:width\" content=\"800\" \/>\n\t<meta property=\"og:image:height\" content=\"800\" \/>\n\t<meta property=\"og:image:type\" content=\"image\/jpeg\" \/>\n<meta name=\"twitter:card\" content=\"summary_large_image\" \/>\n<meta name=\"twitter:label1\" content=\"Dur\u00e9e de lecture estim\u00e9e\" \/>\n\t<meta name=\"twitter:data1\" content=\"1 minute\" \/>\n<script type=\"application\/ld+json\" class=\"yoast-schema-graph\">{\"@context\":\"https:\/\/schema.org\",\"@graph\":[{\"@type\":\"WebPage\",\"@id\":\"https:\/\/bio-energica.com\/index.php\/product\/flex-collagen-hyaluronic-acid-400g\/\",\"url\":\"https:\/\/bio-energica.com\/index.php\/product\/flex-collagen-hyaluronic-acid-400g\/\",\"name\":\"FLEX COLLAGEN + HYALURONIC ACID \u2013 400G - Bio Energica Tunisia\",\"isPartOf\":{\"@id\":\"https:\/\/bio-energica.com\/#website\"},\"primaryImageOfPage\":{\"@id\":\"https:\/\/bio-energica.com\/index.php\/product\/flex-collagen-hyaluronic-acid-400g\/#primaryimage\"},\"image\":{\"@id\":\"https:\/\/bio-energica.com\/index.php\/product\/flex-collagen-hyaluronic-acid-400g\/#primaryimage\"},\"thumbnailUrl\":\"https:\/\/bio-energica.com\/wp-content\/uploads\/2026\/03\/COLLAGEN-LUXURY-TUNISIA-400G-tunis-tunisia.jpg\",\"datePublished\":\"2026-03-30T18:21:19+00:00\",\"dateModified\":\"2026-03-30T18:58:46+00:00\",\"description\":\"\u2013\u00a0Soutenir la sant\u00e9 des articulations\u00a0et r\u00e9duire rigidit\u00e9 ou inconfort\u2013\u00a0Favoriser la r\u00e9g\u00e9n\u00e9ration du cartilage\u00a0et la flexibilit\u00e9\u2013\u00a0Am\u00e9liorer la peau, les ongles et les cheveux\u2013\u00a0Contribuer \u00e0 une meilleure r\u00e9cup\u00e9ration des tissus\u2013\u00a0Formule 5-en-1 hautement concentr\u00e9e, sans sucres ni mati\u00e8res grasses, au go\u00fbt citron frais.\u2013 Collag\u00e8ne hydrolys\u00e9 pur\u00a0\u2013 pour renforcer les tissus conjonctifs et soutenir la structure de la peau, des articulations, des ongles et des cheveux.\",\"breadcrumb\":{\"@id\":\"https:\/\/bio-energica.com\/index.php\/product\/flex-collagen-hyaluronic-acid-400g\/#breadcrumb\"},\"inLanguage\":\"fr-FR\",\"potentialAction\":[{\"@type\":\"ReadAction\",\"target\":[\"https:\/\/bio-energica.com\/index.php\/product\/flex-collagen-hyaluronic-acid-400g\/\"]}]},{\"@type\":\"ImageObject\",\"inLanguage\":\"fr-FR\",\"@id\":\"https:\/\/bio-energica.com\/index.php\/product\/flex-collagen-hyaluronic-acid-400g\/#primaryimage\",\"url\":\"https:\/\/bio-energica.com\/wp-content\/uploads\/2026\/03\/COLLAGEN-LUXURY-TUNISIA-400G-tunis-tunisia.jpg\",\"contentUrl\":\"https:\/\/bio-energica.com\/wp-content\/uploads\/2026\/03\/COLLAGEN-LUXURY-TUNISIA-400G-tunis-tunisia.jpg\",\"width\":800,\"height\":800},{\"@type\":\"BreadcrumbList\",\"@id\":\"https:\/\/bio-energica.com\/index.php\/product\/flex-collagen-hyaluronic-acid-400g\/#breadcrumb\",\"itemListElement\":[{\"@type\":\"ListItem\",\"position\":1,\"name\":\"Home\",\"item\":\"https:\/\/bio-energica.com\/\"},{\"@type\":\"ListItem\",\"position\":2,\"name\":\"Products\",\"item\":\"https:\/\/bio-energica.com\/index.php\/products\/\"},{\"@type\":\"ListItem\",\"position\":3,\"name\":\"FLEX COLLAGEN + HYALURONIC ACID \u2013 400G\"}]},{\"@type\":\"WebSite\",\"@id\":\"https:\/\/bio-energica.com\/#website\",\"url\":\"https:\/\/bio-energica.com\/\",\"name\":\"Bio Energica Tunisia\",\"description\":\"\",\"publisher\":{\"@id\":\"https:\/\/bio-energica.com\/#organization\"},\"potentialAction\":[{\"@type\":\"SearchAction\",\"target\":{\"@type\":\"EntryPoint\",\"urlTemplate\":\"https:\/\/bio-energica.com\/?s={search_term_string}\"},\"query-input\":{\"@type\":\"PropertyValueSpecification\",\"valueRequired\":true,\"valueName\":\"search_term_string\"}}],\"inLanguage\":\"fr-FR\"},{\"@type\":\"Organization\",\"@id\":\"https:\/\/bio-energica.com\/#organization\",\"name\":\"Bio Energica Tunisia\",\"url\":\"https:\/\/bio-energica.com\/\",\"logo\":{\"@type\":\"ImageObject\",\"inLanguage\":\"fr-FR\",\"@id\":\"https:\/\/bio-energica.com\/#\/schema\/logo\/image\/\",\"url\":\"https:\/\/bio-energica.com\/wp-content\/uploads\/2025\/11\/LOLO-scaled.png\",\"contentUrl\":\"https:\/\/bio-energica.com\/wp-content\/uploads\/2025\/11\/LOLO-scaled.png\",\"width\":2560,\"height\":960,\"caption\":\"Bio Energica Tunisia\"},\"image\":{\"@id\":\"https:\/\/bio-energica.com\/#\/schema\/logo\/image\/\"}}]}<\/script>\n<!-- \/ Yoast SEO plugin. -->","yoast_head_json":{"title":"FLEX COLLAGEN + HYALURONIC ACID \u2013 400G - Bio Energica Tunisia","description":"\u2013\u00a0Soutenir la sant\u00e9 des articulations\u00a0et r\u00e9duire rigidit\u00e9 ou inconfort\u2013\u00a0Favoriser la r\u00e9g\u00e9n\u00e9ration du cartilage\u00a0et la flexibilit\u00e9\u2013\u00a0Am\u00e9liorer la peau, les ongles et les cheveux\u2013\u00a0Contribuer \u00e0 une meilleure r\u00e9cup\u00e9ration des tissus\u2013\u00a0Formule 5-en-1 hautement concentr\u00e9e, sans sucres ni mati\u00e8res grasses, au go\u00fbt citron frais.\u2013 Collag\u00e8ne hydrolys\u00e9 pur\u00a0\u2013 pour renforcer les tissus conjonctifs et soutenir la structure de la peau, des articulations, des ongles et des cheveux.","robots":{"index":"index","follow":"follow","max-snippet":"max-snippet:-1","max-image-preview":"max-image-preview:large","max-video-preview":"max-video-preview:-1"},"canonical":"https:\/\/bio-energica.com\/index.php\/product\/flex-collagen-hyaluronic-acid-400g\/","og_locale":"fr_FR","og_type":"article","og_title":"FLEX COLLAGEN + HYALURONIC ACID \u2013 400G - Bio Energica Tunisia","og_description":"\u2013\u00a0Soutenir la sant\u00e9 des articulations\u00a0et r\u00e9duire rigidit\u00e9 ou inconfort\u2013\u00a0Favoriser la r\u00e9g\u00e9n\u00e9ration du cartilage\u00a0et la flexibilit\u00e9\u2013\u00a0Am\u00e9liorer la peau, les ongles et les cheveux\u2013\u00a0Contribuer \u00e0 une meilleure r\u00e9cup\u00e9ration des tissus\u2013\u00a0Formule 5-en-1 hautement concentr\u00e9e, sans sucres ni mati\u00e8res grasses, au go\u00fbt citron frais.\u2013 Collag\u00e8ne hydrolys\u00e9 pur\u00a0\u2013 pour renforcer les tissus conjonctifs et soutenir la structure de la peau, des articulations, des ongles et des cheveux.","og_url":"https:\/\/bio-energica.com\/index.php\/product\/flex-collagen-hyaluronic-acid-400g\/","og_site_name":"Bio Energica Tunisia","article_modified_time":"2026-03-30T18:58:46+00:00","og_image":[{"width":800,"height":800,"url":"https:\/\/bio-energica.com\/wp-content\/uploads\/2026\/03\/COLLAGEN-LUXURY-TUNISIA-400G-tunis-tunisia.jpg","type":"image\/jpeg"}],"twitter_card":"summary_large_image","twitter_misc":{"Dur\u00e9e de lecture estim\u00e9e":"1 minute"},"schema":{"@context":"https:\/\/schema.org","@graph":[{"@type":"WebPage","@id":"https:\/\/bio-energica.com\/index.php\/product\/flex-collagen-hyaluronic-acid-400g\/","url":"https:\/\/bio-energica.com\/index.php\/product\/flex-collagen-hyaluronic-acid-400g\/","name":"FLEX COLLAGEN + HYALURONIC ACID \u2013 400G - Bio Energica Tunisia","isPartOf":{"@id":"https:\/\/bio-energica.com\/#website"},"primaryImageOfPage":{"@id":"https:\/\/bio-energica.com\/index.php\/product\/flex-collagen-hyaluronic-acid-400g\/#primaryimage"},"image":{"@id":"https:\/\/bio-energica.com\/index.php\/product\/flex-collagen-hyaluronic-acid-400g\/#primaryimage"},"thumbnailUrl":"https:\/\/bio-energica.com\/wp-content\/uploads\/2026\/03\/COLLAGEN-LUXURY-TUNISIA-400G-tunis-tunisia.jpg","datePublished":"2026-03-30T18:21:19+00:00","dateModified":"2026-03-30T18:58:46+00:00","description":"\u2013\u00a0Soutenir la sant\u00e9 des articulations\u00a0et r\u00e9duire rigidit\u00e9 ou inconfort\u2013\u00a0Favoriser la r\u00e9g\u00e9n\u00e9ration du cartilage\u00a0et la flexibilit\u00e9\u2013\u00a0Am\u00e9liorer la peau, les ongles et les cheveux\u2013\u00a0Contribuer \u00e0 une meilleure r\u00e9cup\u00e9ration des tissus\u2013\u00a0Formule 5-en-1 hautement concentr\u00e9e, sans sucres ni mati\u00e8res grasses, au go\u00fbt citron frais.\u2013 Collag\u00e8ne hydrolys\u00e9 pur\u00a0\u2013 pour renforcer les tissus conjonctifs et soutenir la structure de la peau, des articulations, des ongles et des cheveux.","breadcrumb":{"@id":"https:\/\/bio-energica.com\/index.php\/product\/flex-collagen-hyaluronic-acid-400g\/#breadcrumb"},"inLanguage":"fr-FR","potentialAction":[{"@type":"ReadAction","target":["https:\/\/bio-energica.com\/index.php\/product\/flex-collagen-hyaluronic-acid-400g\/"]}]},{"@type":"ImageObject","inLanguage":"fr-FR","@id":"https:\/\/bio-energica.com\/index.php\/product\/flex-collagen-hyaluronic-acid-400g\/#primaryimage","url":"https:\/\/bio-energica.com\/wp-content\/uploads\/2026\/03\/COLLAGEN-LUXURY-TUNISIA-400G-tunis-tunisia.jpg","contentUrl":"https:\/\/bio-energica.com\/wp-content\/uploads\/2026\/03\/COLLAGEN-LUXURY-TUNISIA-400G-tunis-tunisia.jpg","width":800,"height":800},{"@type":"BreadcrumbList","@id":"https:\/\/bio-energica.com\/index.php\/product\/flex-collagen-hyaluronic-acid-400g\/#breadcrumb","itemListElement":[{"@type":"ListItem","position":1,"name":"Home","item":"https:\/\/bio-energica.com\/"},{"@type":"ListItem","position":2,"name":"Products","item":"https:\/\/bio-energica.com\/index.php\/products\/"},{"@type":"ListItem","position":3,"name":"FLEX COLLAGEN + HYALURONIC ACID \u2013 400G"}]},{"@type":"WebSite","@id":"https:\/\/bio-energica.com\/#website","url":"https:\/\/bio-energica.com\/","name":"Bio Energica Tunisia","description":"","publisher":{"@id":"https:\/\/bio-energica.com\/#organization"},"potentialAction":[{"@type":"SearchAction","target":{"@type":"EntryPoint","urlTemplate":"https:\/\/bio-energica.com\/?s={search_term_string}"},"query-input":{"@type":"PropertyValueSpecification","valueRequired":true,"valueName":"search_term_string"}}],"inLanguage":"fr-FR"},{"@type":"Organization","@id":"https:\/\/bio-energica.com\/#organization","name":"Bio Energica Tunisia","url":"https:\/\/bio-energica.com\/","logo":{"@type":"ImageObject","inLanguage":"fr-FR","@id":"https:\/\/bio-energica.com\/#\/schema\/logo\/image\/","url":"https:\/\/bio-energica.com\/wp-content\/uploads\/2025\/11\/LOLO-scaled.png","contentUrl":"https:\/\/bio-energica.com\/wp-content\/uploads\/2025\/11\/LOLO-scaled.png","width":2560,"height":960,"caption":"Bio Energica Tunisia"},"image":{"@id":"https:\/\/bio-energica.com\/#\/schema\/logo\/image\/"}}]}},"_links":{"self":[{"href":"https:\/\/bio-energica.com\/index.php\/wp-json\/wp\/v2\/product\/4494","targetHints":{"allow":["GET"]}}],"collection":[{"href":"https:\/\/bio-energica.com\/index.php\/wp-json\/wp\/v2\/product"}],"about":[{"href":"https:\/\/bio-energica.com\/index.php\/wp-json\/wp\/v2\/types\/product"}],"replies":[{"embeddable":true,"href":"https:\/\/bio-energica.com\/index.php\/wp-json\/wp\/v2\/comments?post=4494"}],"wp:featuredmedia":[{"embeddable":true,"href":"https:\/\/bio-energica.com\/index.php\/wp-json\/wp\/v2\/media\/4504"}],"wp:attachment":[{"href":"https:\/\/bio-energica.com\/index.php\/wp-json\/wp\/v2\/media?parent=4494"}],"wp:term":[{"taxonomy":"product_brand","embeddable":true,"href":"https:\/\/bio-energica.com\/index.php\/wp-json\/wp\/v2\/product_brand?post=4494"},{"taxonomy":"product_cat","embeddable":true,"href":"https:\/\/bio-energica.com\/index.php\/wp-json\/wp\/v2\/product_cat?post=4494"},{"taxonomy":"product_tag","embeddable":true,"href":"https:\/\/bio-energica.com\/index.php\/wp-json\/wp\/v2\/product_tag?post=4494"}],"curies":[{"name":"wp","href":"https:\/\/api.w.org\/{rel}","templated":true}]}}