{"id":4489,"date":"2026-01-28T12:17:57","date_gmt":"2026-01-28T12:17:57","guid":{"rendered":"https:\/\/bio-energica.com\/?post_type=product&#038;p=4489"},"modified":"2026-03-30T18:14:01","modified_gmt":"2026-03-30T18:14:01","slug":"creatine-monohydrate-500g","status":"publish","type":"product","link":"https:\/\/bio-energica.com\/index.php\/product\/creatine-monohydrate-500g\/","title":{"rendered":"CREATINE MONOHYDRATE &#8211; 500G"},"content":{"rendered":"<h4 data-start=\"86\" data-end=\"357\"><strong data-start=\"86\" data-end=\"119\">Cr\u00e9atine Monohydrate OstroVit<\/strong><\/h4>\n<p data-start=\"92\" data-end=\"399\">La <strong data-start=\"131\" data-end=\"152\">Cr\u00e9atine OstroVit<\/strong> am\u00e9liore la <strong data-start=\"165\" data-end=\"174\">force<\/strong> et la <strong data-start=\"181\" data-end=\"205\" data-is-only-node=\"\">puissance musculaire<\/strong>, augmente les <strong data-start=\"220\" data-end=\"236\">performances<\/strong> \u00e0 l\u2019entra\u00eenement et favorise une <strong data-start=\"270\" data-end=\"293\">r\u00e9cup\u00e9ration rapide<\/strong>. Ce <strong data-start=\"298\" data-end=\"312\">compl\u00e9ment<\/strong> pur et de haute <strong data-start=\"329\" data-end=\"340\">qualit\u00e9<\/strong> est id\u00e9al pour la <strong data-start=\"359\" data-end=\"377\">prise de masse<\/strong> et l\u2019<strong data-start=\"383\" data-end=\"396\">endurance<\/strong>.<\/p>\n<p data-start=\"816\" data-end=\"1130\">Boostez votre <strong data-start=\"866\" data-end=\"890\">puissance musculaire<\/strong> et votre <strong data-start=\"900\" data-end=\"924\">performance maximale<\/strong> \u00e0 chaque entra\u00eenement. Cette <strong data-start=\"954\" data-end=\"973\" data-is-only-node=\"\">formule premium<\/strong> favorise une <strong data-start=\"987\" data-end=\"1011\">r\u00e9cup\u00e9ration express<\/strong> et un <strong data-start=\"1018\" data-end=\"1046\">d\u00e9veloppement musculaire<\/strong> optimal. Id\u00e9ale pour les sportifs qui veulent <strong data-start=\"1093\" data-end=\"1127\">plus d\u2019\u00e9nergie et de r\u00e9sultats<\/strong>.<\/p>\n<h4><strong>Utilisation recommand\u00e9e :\u00a0<\/strong><\/h4>\n<p data-start=\"150\" data-end=\"459\">Prendre <strong data-start=\"190\" data-end=\"201\">3 \u00e0 5 g<\/strong> de <strong data-start=\"205\" data-end=\"226\">Cr\u00e9atine OstroVit<\/strong> par jour, de pr\u00e9f\u00e9rence <strong data-start=\"251\" data-end=\"284\" data-is-only-node=\"\">avant ou apr\u00e8s l\u2019entra\u00eenement<\/strong>, m\u00e9lang\u00e9e avec de l\u2019eau ou une boissonde votre choix. Pour de meilleurs r\u00e9sultats, suivre une <strong data-start=\"380\" data-end=\"406\">consommation r\u00e9guli\u00e8re<\/strong> et rester bien hydrat\u00e9 tout au long de la journ\u00e9e.<\/p>\n","protected":false},"excerpt":{"rendered":"<ul>\n<li data-start=\"67\" data-end=\"118\">\n<p data-start=\"69\" data-end=\"118\">\ud83d\udcaa Augmente la force et la puissance musculaire<\/p>\n<\/li>\n<li data-start=\"119\" data-end=\"167\">\n<p data-start=\"121\" data-end=\"167\">\u26a1 Am\u00e9liore les performances \u00e0 l\u2019entra\u00eenement<\/p>\n<\/li>\n<li data-start=\"168\" data-end=\"206\">\n<p data-start=\"170\" data-end=\"206\">\ud83d\udd04 Favorise la r\u00e9cup\u00e9ration rapide<\/p>\n<\/li>\n<li data-start=\"207\" data-end=\"251\">\n<p data-start=\"209\" data-end=\"251\">\ud83e\uddec Cr\u00e9atine pure, haute qualit\u00e9 OstroVit : <strong data-start=\"402\" data-end=\"416\">Servings :<\/strong> 166 doses<\/p>\n<\/li>\n<li data-start=\"252\" data-end=\"302\">\n<p data-start=\"254\" data-end=\"302\">\ud83c\udfcb\ufe0f\u200d\u2642\ufe0f Id\u00e9ale pour prise de masse et endurance<\/p>\n<\/li>\n<\/ul>\n","protected":false},"featured_media":4492,"comment_status":"open","ping_status":"closed","template":"","meta":[],"product_brand":[],"product_cat":[61,63],"product_tag":[],"class_list":{"0":"post-4489","1":"product","2":"type-product","3":"status-publish","4":"has-post-thumbnail","6":"product_cat-complement-alimentaire","7":"product_cat-creatine","9":"first","10":"instock","11":"sale","12":"taxable","13":"shipping-taxable","14":"purchasable","15":"product-type-simple"},"yoast_head":"<!-- This site is optimized with the Yoast SEO plugin v26.6 - https:\/\/yoast.com\/wordpress\/plugins\/seo\/ -->\n<title>CREATINE MONOHYDRATE - 500G - Bio Energica Tunisia<\/title>\n<meta name=\"description\" content=\"La Cr\u00e9atine OstroVit am\u00e9liore la force et la puissance musculaire, augmente les performances \u00e0 l\u2019entra\u00eenement et favorise une r\u00e9cup\u00e9ration rapide. Ce compl\u00e9ment pur et de haute qualit\u00e9 est id\u00e9al pour la prise de masse et l\u2019endurance.\" \/>\n<meta name=\"robots\" content=\"index, follow, max-snippet:-1, max-image-preview:large, max-video-preview:-1\" \/>\n<link rel=\"canonical\" href=\"https:\/\/bio-energica.com\/index.php\/product\/creatine-monohydrate-500g\/\" \/>\n<meta property=\"og:locale\" content=\"fr_FR\" \/>\n<meta property=\"og:type\" content=\"article\" \/>\n<meta property=\"og:title\" content=\"CREATINE MONOHYDRATE - 500G - Bio Energica Tunisia\" \/>\n<meta property=\"og:description\" content=\"La Cr\u00e9atine OstroVit am\u00e9liore la force et la puissance musculaire, augmente les performances \u00e0 l\u2019entra\u00eenement et favorise une r\u00e9cup\u00e9ration rapide. Ce compl\u00e9ment pur et de haute qualit\u00e9 est id\u00e9al pour la prise de masse et l\u2019endurance.\" \/>\n<meta property=\"og:url\" content=\"https:\/\/bio-energica.com\/index.php\/product\/creatine-monohydrate-500g\/\" \/>\n<meta property=\"og:site_name\" content=\"Bio Energica Tunisia\" \/>\n<meta property=\"article:modified_time\" content=\"2026-03-30T18:14:01+00:00\" \/>\n<meta property=\"og:image\" content=\"https:\/\/bio-energica.com\/wp-content\/uploads\/2026\/01\/creatine-monohydrate-500g-tunisie.jpg\" \/>\n\t<meta property=\"og:image:width\" content=\"800\" \/>\n\t<meta property=\"og:image:height\" content=\"800\" \/>\n\t<meta property=\"og:image:type\" content=\"image\/jpeg\" \/>\n<meta name=\"twitter:card\" content=\"summary_large_image\" \/>\n<meta name=\"twitter:label1\" content=\"Dur\u00e9e de lecture estim\u00e9e\" \/>\n\t<meta name=\"twitter:data1\" content=\"1 minute\" \/>\n<script type=\"application\/ld+json\" class=\"yoast-schema-graph\">{\"@context\":\"https:\/\/schema.org\",\"@graph\":[{\"@type\":\"WebPage\",\"@id\":\"https:\/\/bio-energica.com\/index.php\/product\/creatine-monohydrate-500g\/\",\"url\":\"https:\/\/bio-energica.com\/index.php\/product\/creatine-monohydrate-500g\/\",\"name\":\"CREATINE MONOHYDRATE - 500G - Bio Energica Tunisia\",\"isPartOf\":{\"@id\":\"https:\/\/bio-energica.com\/#website\"},\"primaryImageOfPage\":{\"@id\":\"https:\/\/bio-energica.com\/index.php\/product\/creatine-monohydrate-500g\/#primaryimage\"},\"image\":{\"@id\":\"https:\/\/bio-energica.com\/index.php\/product\/creatine-monohydrate-500g\/#primaryimage\"},\"thumbnailUrl\":\"https:\/\/bio-energica.com\/wp-content\/uploads\/2026\/01\/creatine-monohydrate-500g-tunisie.jpg\",\"datePublished\":\"2026-01-28T12:17:57+00:00\",\"dateModified\":\"2026-03-30T18:14:01+00:00\",\"description\":\"La Cr\u00e9atine OstroVit am\u00e9liore la force et la puissance musculaire, augmente les performances \u00e0 l\u2019entra\u00eenement et favorise une r\u00e9cup\u00e9ration rapide. Ce compl\u00e9ment pur et de haute qualit\u00e9 est id\u00e9al pour la prise de masse et l\u2019endurance.\",\"breadcrumb\":{\"@id\":\"https:\/\/bio-energica.com\/index.php\/product\/creatine-monohydrate-500g\/#breadcrumb\"},\"inLanguage\":\"fr-FR\",\"potentialAction\":[{\"@type\":\"ReadAction\",\"target\":[\"https:\/\/bio-energica.com\/index.php\/product\/creatine-monohydrate-500g\/\"]}]},{\"@type\":\"ImageObject\",\"inLanguage\":\"fr-FR\",\"@id\":\"https:\/\/bio-energica.com\/index.php\/product\/creatine-monohydrate-500g\/#primaryimage\",\"url\":\"https:\/\/bio-energica.com\/wp-content\/uploads\/2026\/01\/creatine-monohydrate-500g-tunisie.jpg\",\"contentUrl\":\"https:\/\/bio-energica.com\/wp-content\/uploads\/2026\/01\/creatine-monohydrate-500g-tunisie.jpg\",\"width\":800,\"height\":800},{\"@type\":\"BreadcrumbList\",\"@id\":\"https:\/\/bio-energica.com\/index.php\/product\/creatine-monohydrate-500g\/#breadcrumb\",\"itemListElement\":[{\"@type\":\"ListItem\",\"position\":1,\"name\":\"Home\",\"item\":\"https:\/\/bio-energica.com\/\"},{\"@type\":\"ListItem\",\"position\":2,\"name\":\"Products\",\"item\":\"https:\/\/bio-energica.com\/index.php\/products\/\"},{\"@type\":\"ListItem\",\"position\":3,\"name\":\"CREATINE MONOHYDRATE &#8211; 500G\"}]},{\"@type\":\"WebSite\",\"@id\":\"https:\/\/bio-energica.com\/#website\",\"url\":\"https:\/\/bio-energica.com\/\",\"name\":\"Bio Energica Tunisia\",\"description\":\"\",\"publisher\":{\"@id\":\"https:\/\/bio-energica.com\/#organization\"},\"potentialAction\":[{\"@type\":\"SearchAction\",\"target\":{\"@type\":\"EntryPoint\",\"urlTemplate\":\"https:\/\/bio-energica.com\/?s={search_term_string}\"},\"query-input\":{\"@type\":\"PropertyValueSpecification\",\"valueRequired\":true,\"valueName\":\"search_term_string\"}}],\"inLanguage\":\"fr-FR\"},{\"@type\":\"Organization\",\"@id\":\"https:\/\/bio-energica.com\/#organization\",\"name\":\"Bio Energica Tunisia\",\"url\":\"https:\/\/bio-energica.com\/\",\"logo\":{\"@type\":\"ImageObject\",\"inLanguage\":\"fr-FR\",\"@id\":\"https:\/\/bio-energica.com\/#\/schema\/logo\/image\/\",\"url\":\"https:\/\/bio-energica.com\/wp-content\/uploads\/2025\/11\/LOLO-scaled.png\",\"contentUrl\":\"https:\/\/bio-energica.com\/wp-content\/uploads\/2025\/11\/LOLO-scaled.png\",\"width\":2560,\"height\":960,\"caption\":\"Bio Energica Tunisia\"},\"image\":{\"@id\":\"https:\/\/bio-energica.com\/#\/schema\/logo\/image\/\"}}]}<\/script>\n<!-- \/ Yoast SEO plugin. -->","yoast_head_json":{"title":"CREATINE MONOHYDRATE - 500G - Bio Energica Tunisia","description":"La Cr\u00e9atine OstroVit am\u00e9liore la force et la puissance musculaire, augmente les performances \u00e0 l\u2019entra\u00eenement et favorise une r\u00e9cup\u00e9ration rapide. Ce compl\u00e9ment pur et de haute qualit\u00e9 est id\u00e9al pour la prise de masse et l\u2019endurance.","robots":{"index":"index","follow":"follow","max-snippet":"max-snippet:-1","max-image-preview":"max-image-preview:large","max-video-preview":"max-video-preview:-1"},"canonical":"https:\/\/bio-energica.com\/index.php\/product\/creatine-monohydrate-500g\/","og_locale":"fr_FR","og_type":"article","og_title":"CREATINE MONOHYDRATE - 500G - Bio Energica Tunisia","og_description":"La Cr\u00e9atine OstroVit am\u00e9liore la force et la puissance musculaire, augmente les performances \u00e0 l\u2019entra\u00eenement et favorise une r\u00e9cup\u00e9ration rapide. Ce compl\u00e9ment pur et de haute qualit\u00e9 est id\u00e9al pour la prise de masse et l\u2019endurance.","og_url":"https:\/\/bio-energica.com\/index.php\/product\/creatine-monohydrate-500g\/","og_site_name":"Bio Energica Tunisia","article_modified_time":"2026-03-30T18:14:01+00:00","og_image":[{"width":800,"height":800,"url":"https:\/\/bio-energica.com\/wp-content\/uploads\/2026\/01\/creatine-monohydrate-500g-tunisie.jpg","type":"image\/jpeg"}],"twitter_card":"summary_large_image","twitter_misc":{"Dur\u00e9e de lecture estim\u00e9e":"1 minute"},"schema":{"@context":"https:\/\/schema.org","@graph":[{"@type":"WebPage","@id":"https:\/\/bio-energica.com\/index.php\/product\/creatine-monohydrate-500g\/","url":"https:\/\/bio-energica.com\/index.php\/product\/creatine-monohydrate-500g\/","name":"CREATINE MONOHYDRATE - 500G - Bio Energica Tunisia","isPartOf":{"@id":"https:\/\/bio-energica.com\/#website"},"primaryImageOfPage":{"@id":"https:\/\/bio-energica.com\/index.php\/product\/creatine-monohydrate-500g\/#primaryimage"},"image":{"@id":"https:\/\/bio-energica.com\/index.php\/product\/creatine-monohydrate-500g\/#primaryimage"},"thumbnailUrl":"https:\/\/bio-energica.com\/wp-content\/uploads\/2026\/01\/creatine-monohydrate-500g-tunisie.jpg","datePublished":"2026-01-28T12:17:57+00:00","dateModified":"2026-03-30T18:14:01+00:00","description":"La Cr\u00e9atine OstroVit am\u00e9liore la force et la puissance musculaire, augmente les performances \u00e0 l\u2019entra\u00eenement et favorise une r\u00e9cup\u00e9ration rapide. Ce compl\u00e9ment pur et de haute qualit\u00e9 est id\u00e9al pour la prise de masse et l\u2019endurance.","breadcrumb":{"@id":"https:\/\/bio-energica.com\/index.php\/product\/creatine-monohydrate-500g\/#breadcrumb"},"inLanguage":"fr-FR","potentialAction":[{"@type":"ReadAction","target":["https:\/\/bio-energica.com\/index.php\/product\/creatine-monohydrate-500g\/"]}]},{"@type":"ImageObject","inLanguage":"fr-FR","@id":"https:\/\/bio-energica.com\/index.php\/product\/creatine-monohydrate-500g\/#primaryimage","url":"https:\/\/bio-energica.com\/wp-content\/uploads\/2026\/01\/creatine-monohydrate-500g-tunisie.jpg","contentUrl":"https:\/\/bio-energica.com\/wp-content\/uploads\/2026\/01\/creatine-monohydrate-500g-tunisie.jpg","width":800,"height":800},{"@type":"BreadcrumbList","@id":"https:\/\/bio-energica.com\/index.php\/product\/creatine-monohydrate-500g\/#breadcrumb","itemListElement":[{"@type":"ListItem","position":1,"name":"Home","item":"https:\/\/bio-energica.com\/"},{"@type":"ListItem","position":2,"name":"Products","item":"https:\/\/bio-energica.com\/index.php\/products\/"},{"@type":"ListItem","position":3,"name":"CREATINE MONOHYDRATE &#8211; 500G"}]},{"@type":"WebSite","@id":"https:\/\/bio-energica.com\/#website","url":"https:\/\/bio-energica.com\/","name":"Bio Energica Tunisia","description":"","publisher":{"@id":"https:\/\/bio-energica.com\/#organization"},"potentialAction":[{"@type":"SearchAction","target":{"@type":"EntryPoint","urlTemplate":"https:\/\/bio-energica.com\/?s={search_term_string}"},"query-input":{"@type":"PropertyValueSpecification","valueRequired":true,"valueName":"search_term_string"}}],"inLanguage":"fr-FR"},{"@type":"Organization","@id":"https:\/\/bio-energica.com\/#organization","name":"Bio Energica Tunisia","url":"https:\/\/bio-energica.com\/","logo":{"@type":"ImageObject","inLanguage":"fr-FR","@id":"https:\/\/bio-energica.com\/#\/schema\/logo\/image\/","url":"https:\/\/bio-energica.com\/wp-content\/uploads\/2025\/11\/LOLO-scaled.png","contentUrl":"https:\/\/bio-energica.com\/wp-content\/uploads\/2025\/11\/LOLO-scaled.png","width":2560,"height":960,"caption":"Bio Energica Tunisia"},"image":{"@id":"https:\/\/bio-energica.com\/#\/schema\/logo\/image\/"}}]}},"_links":{"self":[{"href":"https:\/\/bio-energica.com\/index.php\/wp-json\/wp\/v2\/product\/4489","targetHints":{"allow":["GET"]}}],"collection":[{"href":"https:\/\/bio-energica.com\/index.php\/wp-json\/wp\/v2\/product"}],"about":[{"href":"https:\/\/bio-energica.com\/index.php\/wp-json\/wp\/v2\/types\/product"}],"replies":[{"embeddable":true,"href":"https:\/\/bio-energica.com\/index.php\/wp-json\/wp\/v2\/comments?post=4489"}],"wp:featuredmedia":[{"embeddable":true,"href":"https:\/\/bio-energica.com\/index.php\/wp-json\/wp\/v2\/media\/4492"}],"wp:attachment":[{"href":"https:\/\/bio-energica.com\/index.php\/wp-json\/wp\/v2\/media?parent=4489"}],"wp:term":[{"taxonomy":"product_brand","embeddable":true,"href":"https:\/\/bio-energica.com\/index.php\/wp-json\/wp\/v2\/product_brand?post=4489"},{"taxonomy":"product_cat","embeddable":true,"href":"https:\/\/bio-energica.com\/index.php\/wp-json\/wp\/v2\/product_cat?post=4489"},{"taxonomy":"product_tag","embeddable":true,"href":"https:\/\/bio-energica.com\/index.php\/wp-json\/wp\/v2\/product_tag?post=4489"}],"curies":[{"name":"wp","href":"https:\/\/api.w.org\/{rel}","templated":true}]}}