{"id":4480,"date":"2026-01-17T16:51:11","date_gmt":"2026-01-17T16:51:11","guid":{"rendered":"https:\/\/bio-energica.com\/?post_type=product&#038;p=4480"},"modified":"2026-01-17T17:33:11","modified_gmt":"2026-01-17T17:33:11","slug":"creme-mains-seches-abimees-fragilisees-50ml","status":"publish","type":"product","link":"https:\/\/bio-energica.com\/index.php\/product\/creme-mains-seches-abimees-fragilisees-50ml\/","title":{"rendered":"CR\u00c8ME MAINS S\u00c8CHES, AB\u00ceM\u00c9ES &#038; FRAGILIS\u00c9ES &#8211; 50ML"},"content":{"rendered":"<p data-start=\"127\" data-end=\"385\">Cette <strong data-start=\"133\" data-end=\"148\">cr\u00e8me mains<\/strong> est sp\u00e9cialement formul\u00e9e pour les <strong data-start=\"184\" data-end=\"224\">mains s\u00e8ches, fragilis\u00e9es ou ab\u00eem\u00e9es<\/strong>. Elle agit comme un <strong data-start=\"245\" data-end=\"264\">soin r\u00e9parateur<\/strong> aidant \u00e0 <strong data-start=\"274\" data-end=\"305\">restaurer le confort cutan\u00e9<\/strong> face aux <strong data-start=\"315\" data-end=\"329\">agressions<\/strong> telles que le <strong data-start=\"344\" data-end=\"353\">froid<\/strong> et les <strong data-start=\"361\" data-end=\"382\">lavages fr\u00e9quents<\/strong>.<\/p>\n<p data-start=\"387\" data-end=\"697\">Enrichie en <strong data-start=\"399\" data-end=\"424\">extraits de camomille<\/strong> et de <strong data-start=\"431\" data-end=\"469\">Centella asiatica (herbe du tigre)<\/strong>, elle aide \u00e0 <strong data-start=\"483\" data-end=\"521\">apaiser les sensations d\u2019inconfort<\/strong> et soutient le <strong data-start=\"537\" data-end=\"587\">renouvellement naturel de la fonction barri\u00e8re<\/strong>. L\u2019<strong data-start=\"591\" data-end=\"605\">allanto\u00efne<\/strong> compl\u00e8te cette action en contribuant \u00e0 <strong data-start=\"645\" data-end=\"663\">lisser la peau<\/strong> et \u00e0 <strong data-start=\"669\" data-end=\"694\">r\u00e9duire les rugosit\u00e9s<\/strong>.<\/p>\n<p data-start=\"699\" data-end=\"953\">Sa formule enrichie en <strong data-start=\"722\" data-end=\"735\">glyc\u00e9rine<\/strong> et <strong data-start=\"739\" data-end=\"752\">panth\u00e9nol<\/strong> contribue \u00e0 la <strong data-start=\"768\" data-end=\"803\">pr\u00e9vention de la d\u00e9shydratation<\/strong>, tandis que les <strong data-start=\"820\" data-end=\"840\">huiles v\u00e9g\u00e9tales<\/strong> (<strong data-start=\"842\" data-end=\"884\">amande douce, p\u00e9pin de raisin et argan<\/strong>) <strong data-start=\"886\" data-end=\"921\">nourrissent intens\u00e9ment la peau<\/strong> et am\u00e9liorent sa <strong data-start=\"939\" data-end=\"952\">souplesse<\/strong>.<\/p>\n<h4 data-start=\"119\" data-end=\"470\">Comment l&rsquo;utiliser :<\/h4>\n<div class=\"col-12 col-xl-5 col-lg-6 margin-7-rem-bottom\">\n<div class=\"col-12 col-xl-5 col-lg-6 margin-7-rem-bottom\">\n<div class=\"col-12 col-xl-5 col-lg-6 margin-7-rem-bottom\">\n<div class=\"col-12 col-xl-5 col-lg-6 margin-7-rem-bottom\">\n<div class=\"col-12 col-xl-5 col-lg-6 margin-7-rem-bottom\">\n<div class=\"col-12 col-xl-5 col-lg-6 margin-7-rem-bottom\">\n<div class=\"col-12 col-xl-5 col-lg-6 margin-7-rem-bottom\">\n<div class=\"col-12 col-xl-5 col-lg-6 margin-7-rem-bottom\">\n<div class=\"col-12 col-xl-5 col-lg-6 margin-7-rem-bottom\">\n<div class=\"col-12 col-xl-5 col-lg-6 margin-7-rem-bottom\">\n<div class=\"col-12 col-xl-5 col-lg-6 margin-7-rem-bottom\">\n<div class=\"col-12 col-xl-5 col-lg-6 margin-7-rem-bottom\">\n<div class=\"col-12 col-xl-5 col-lg-6 margin-7-rem-bottom text-left\">\n<div class=\"col-12 col-xl-5 col-lg-6 margin-7-rem-bottom text-left\">\n<p>Appliquer une quantit\u00e9 suffisante sur des mains propres et \u00e9taler par de l\u00e9gers massages jusqu\u2019\u00e0 absorption compl\u00e8te. Utiliser aussi souvent que n\u00e9cessaire.<\/p>\n<\/div>\n<\/div>\n<\/div>\n<\/div>\n<\/div>\n<\/div>\n<\/div>\n<\/div>\n<\/div>\n<\/div>\n<\/div>\n<\/div>\n<\/div>\n<div id=\"accordion1\" class=\"panel-group accordion-event accordion-style-02 w-85 lg-w-100\" data-active-icon=\"icon-feather-minus\" data-inactive-icon=\"icon-feather-plus\">\n<h3>Ingr\u00e9dients:<\/h3>\n<div class=\"panel bg-transparent\">\n<div class=\"panel-heading border-color-black-transparent\">\n<div class=\"panel-title d-flex align-items-center justify-content-between\">\n<div class=\"panel bg-transparent\">\n<div class=\"panel-heading border-color-black-transparent\">\n<div class=\"panel-title d-flex align-items-center justify-content-between\">\n<div class=\"panel-title d-flex align-items-center justify-content-between\">\n<div class=\"panel bg-transparent\">\n<div class=\"panel-heading border-color-black-transparent\">\n<div class=\"panel-title d-flex align-items-center justify-content-between\">\n<div class=\"panel bg-transparent\">\n<div class=\"panel-heading border-color-black-transparent\">\n<div class=\"panel-title d-flex align-items-center justify-content-between \">\n<p><strong>Aloe vera: <\/strong>Hydratante \/ Nourrissante \/ Apaisante<\/p>\n<\/div>\n<\/div>\n<\/div>\n<div class=\"panel bg-transparent\">\n<div class=\"panel-heading border-color-black-transparent\">\n<div class=\"panel-title d-flex align-items-center justify-content-between \">\n<div class=\"panel-title d-flex align-items-center justify-content-between \">\n<p><strong>Extrait de Centella asiatica<\/strong> <strong>:<\/strong>R\u00e9parateur \/ Apaisant \/ Favorise la r\u00e9g\u00e9n\u00e9ration cutan\u00e9e<\/p>\n<\/div>\n<\/div>\n<\/div>\n<\/div>\n<div class=\"panel bg-transparent\">\n<div class=\"panel-heading border-color-black-transparent\">\n<div class=\"panel-title d-flex align-items-center justify-content-between \">\n<div class=\"panel-title d-flex align-items-center justify-content-between \">\n<p><strong>Extrait de Camomille<\/strong> <strong>:<\/strong>Apaisant \/ Adoucissant<\/p>\n<\/div>\n<\/div>\n<\/div>\n<\/div>\n<div class=\"panel bg-transparent\">\n<div class=\"panel-heading border-color-black-transparent\">\n<div class=\"panel-title d-flex align-items-center justify-content-between \">\n<div class=\"panel-title d-flex align-items-center justify-content-between \">\n<p><strong>Glyc\u00e9rine : <\/strong>Hydratante \/ Humectante<\/p>\n<\/div>\n<\/div>\n<\/div>\n<\/div>\n<div class=\"panel bg-transparent\">\n<div class=\"panel-heading border-color-black-transparent\">\n<div class=\"panel-title d-flex align-items-center justify-content-between \">\n<div class=\"panel-title d-flex align-items-center justify-content-between \">\n<p><strong>Huile d\u2019amande douce<\/strong> <strong>: <\/strong>Nourrissante \/ Adoucissante \/ Protectrice \/ Am\u00e9liore la souplesse de la peau<\/p>\n<\/div>\n<\/div>\n<\/div>\n<\/div>\n<div class=\"panel bg-transparent\">\n<div class=\"panel-heading border-color-black-transparent\">\n<div class=\"panel-title d-flex align-items-center justify-content-between \">\n<div class=\"panel-title d-flex align-items-center justify-content-between \">\n<p><strong>Huile de p\u00e9pin de raisin<\/strong> <strong>:<\/strong>Antioxydante \/ Nourrissante \/ Renforce la barri\u00e8re cutan\u00e9e<\/p>\n<\/div>\n<\/div>\n<\/div>\n<\/div>\n<div class=\"panel bg-transparent\">\n<div class=\"panel-heading active-accordion border-color-black-transparent\">\n<div class=\"panel-title d-flex align-items-center justify-content-between \">\n<p><strong>Huile d\u2019argan: <\/strong>Nourrissante \/ R\u00e9g\u00e9n\u00e9rante \/ Protectrice\u00a0\/ Antioxydante<\/p>\n<\/div>\n<\/div>\n<\/div>\n<div class=\"panel bg-transparent\">\n<div class=\"panel-heading border-color-black-transparent\">\n<div class=\"panel-title d-flex align-items-center justify-content-between \">\n<div class=\"panel-title d-flex align-items-center justify-content-between \">\n<p><strong>Panth\u00e9nol (Provitamine B5) : <\/strong>Apaisant \/ R\u00e9parateur \/ Am\u00e9liore l\u2019\u00e9lasticit\u00e9 cutan\u00e9e<\/p>\n<\/div>\n<\/div>\n<\/div>\n<\/div>\n<div class=\"panel bg-transparent\">\n<div class=\"panel-heading border-color-black-transparent\">\n<div class=\"panel-title d-flex align-items-center justify-content-between \">\n<div class=\"panel-title d-flex align-items-center justify-content-between \">\n<p><strong>Allanto\u00efne : <\/strong>Apaisante \/ Lissante<\/p>\n<\/div>\n<\/div>\n<\/div>\n<\/div>\n<p><strong>Pr\u00e9cautions d\u2019emploi:<\/strong><\/p>\n<\/div>\n<\/div>\n<\/div>\n<\/div>\n<\/div>\n<\/div>\n<\/div>\n<\/div>\n<\/div>\n<\/div>\n<div class=\"col-12 col-xl-5 col-lg-6 margin-7-rem-bottom\">\n<div class=\"col-12 col-xl-5 col-lg-6 margin-7-rem-bottom\">\n<div class=\"col-12 col-xl-5 col-lg-6 margin-7-rem-bottom\">\n<div class=\"col-12 col-xl-5 col-lg-6 margin-7-rem-bottom\">\n<div class=\"col-12 col-xl-5 col-lg-6 margin-7-rem-bottom\">\n<div class=\"col-12 col-xl-5 col-lg-6 margin-7-rem-bottom\">\n<div class=\"col-12 col-xl-5 col-lg-6 margin-7-rem-bottom\">\n<div class=\"col-12 col-xl-5 col-lg-6 margin-7-rem-bottom\">\n<div class=\"col-12 col-xl-5 col-lg-6 margin-7-rem-bottom\">\n<div class=\"col-12 col-xl-5 col-lg-6 margin-7-rem-bottom\">\n<div class=\"col-12 col-xl-5 col-lg-6 margin-7-rem-bottom text-left\">\n<div class=\"col-12 col-xl-5 col-lg-6 margin-7-rem-bottom text-left\">\n<p>Pour usage externe uniquement. \u00c9viter le contact avec les yeux. En cas de contact avec les yeux, rincer imm\u00e9diatement avec de l\u2019eau. Ne pas avaler.<\/p>\n<\/div>\n<\/div>\n<\/div>\n<\/div>\n<\/div>\n<\/div>\n<\/div>\n<\/div>\n<\/div>\n<\/div>\n<\/div>\n<\/div>\n<\/div>\n<\/div>\n","protected":false},"excerpt":{"rendered":"<div class=\"col-12 col-xl-5 col-lg-6 margin-7-rem-bottom text-left\">\n<div class=\"col-12 col-xl-5 col-lg-6 margin-7-rem-bottom text-left\">\n<ul>\n<li>Sp\u00e9cialement formul\u00e9e pour les mains s\u00e8ches, fragilis\u00e9es ou ab\u00eem\u00e9es.<\/li>\n<li>Agit comme un soin r\u00e9parateur<\/li>\n<li>Aide \u00e0 restaurer le confort cutan\u00e9<\/li>\n<li>Contribue \u00e0 apaiser les sensations d\u2019inconfort et soutient le renouvellement naturel de la fonction barri\u00e8re<\/li>\n<li>Aide \u00e0 lisser la peau et \u00e0 r\u00e9duire les rugosit\u00e9s<\/li>\n<li>Pr\u00e9vient la d\u00e9shydratation cutan\u00e9e et nourrit intens\u00e9ment la peau<\/li>\n<\/ul>\n<\/div>\n<\/div>\n","protected":false},"featured_media":4485,"comment_status":"open","ping_status":"closed","template":"","meta":[],"product_brand":[],"product_cat":[74,43,37,38],"product_tag":[],"class_list":{"0":"post-4480","1":"product","2":"type-product","3":"status-publish","4":"has-post-thumbnail","6":"product_cat-anti-age-antioxydant","7":"product_cat-corps","8":"product_cat-cosmetique-naturelle","9":"product_cat-soins","11":"first","12":"instock","13":"taxable","14":"shipping-taxable","15":"purchasable","16":"product-type-simple"},"yoast_head":"<!-- This site is optimized with the Yoast SEO plugin v26.6 - https:\/\/yoast.com\/wordpress\/plugins\/seo\/ -->\n<title>CR\u00c8ME MAINS S\u00c8CHES, AB\u00ceM\u00c9ES &amp; FRAGILIS\u00c9ES - 50ML - Bio Energica Tunisia<\/title>\n<meta name=\"description\" content=\"Cette cr\u00e8me mains est sp\u00e9cialement formul\u00e9e pour les mains s\u00e8ches, fragilis\u00e9es ou ab\u00eem\u00e9es. Elle agit comme un soin r\u00e9parateur aidant \u00e0 restaurer le confort cutan\u00e9 face aux agressions telles que le froid et les lavages fr\u00e9quents.Enrichie en extraits de camomille et de Centella asiatica (herbe du tigre), elle aide \u00e0 apaiser les sensations d\u2019inconfort et soutient le renouvellement naturel de la fonction barri\u00e8re. L\u2019allanto\u00efne compl\u00e8te cette action en contribuant \u00e0 lisser la peau et \u00e0 r\u00e9duire les rugosit\u00e9s.Sa formule enrichie en glyc\u00e9rine et panth\u00e9nol contribue \u00e0 la pr\u00e9vention de la d\u00e9shydratation, tandis que les huiles v\u00e9g\u00e9tales (amande douce, p\u00e9pin de raisin et argan) nourrissent intens\u00e9ment la peau et am\u00e9liorent sa souplesse.\" \/>\n<meta name=\"robots\" content=\"index, follow, max-snippet:-1, max-image-preview:large, max-video-preview:-1\" \/>\n<link rel=\"canonical\" href=\"https:\/\/bio-energica.com\/index.php\/product\/creme-mains-seches-abimees-fragilisees-50ml\/\" \/>\n<meta property=\"og:locale\" content=\"fr_FR\" \/>\n<meta property=\"og:type\" content=\"article\" \/>\n<meta property=\"og:title\" content=\"CR\u00c8ME MAINS S\u00c8CHES, AB\u00ceM\u00c9ES &amp; FRAGILIS\u00c9ES - 50ML - Bio Energica Tunisia\" \/>\n<meta property=\"og:description\" content=\"Cette cr\u00e8me mains est sp\u00e9cialement formul\u00e9e pour les mains s\u00e8ches, fragilis\u00e9es ou ab\u00eem\u00e9es. Elle agit comme un soin r\u00e9parateur aidant \u00e0 restaurer le confort cutan\u00e9 face aux agressions telles que le froid et les lavages fr\u00e9quents.Enrichie en extraits de camomille et de Centella asiatica (herbe du tigre), elle aide \u00e0 apaiser les sensations d\u2019inconfort et soutient le renouvellement naturel de la fonction barri\u00e8re. L\u2019allanto\u00efne compl\u00e8te cette action en contribuant \u00e0 lisser la peau et \u00e0 r\u00e9duire les rugosit\u00e9s.Sa formule enrichie en glyc\u00e9rine et panth\u00e9nol contribue \u00e0 la pr\u00e9vention de la d\u00e9shydratation, tandis que les huiles v\u00e9g\u00e9tales (amande douce, p\u00e9pin de raisin et argan) nourrissent intens\u00e9ment la peau et am\u00e9liorent sa souplesse.\" \/>\n<meta property=\"og:url\" content=\"https:\/\/bio-energica.com\/index.php\/product\/creme-mains-seches-abimees-fragilisees-50ml\/\" \/>\n<meta property=\"og:site_name\" content=\"Bio Energica Tunisia\" \/>\n<meta property=\"article:modified_time\" content=\"2026-01-17T17:33:11+00:00\" \/>\n<meta property=\"og:image\" content=\"https:\/\/bio-energica.com\/wp-content\/uploads\/2026\/01\/Creme-Mains-SECHES-tunisia-ABIMEES-FRAGILISEES.jpg\" \/>\n\t<meta property=\"og:image:width\" content=\"800\" \/>\n\t<meta property=\"og:image:height\" content=\"800\" \/>\n\t<meta property=\"og:image:type\" content=\"image\/jpeg\" \/>\n<meta name=\"twitter:card\" content=\"summary_large_image\" \/>\n<meta name=\"twitter:label1\" content=\"Dur\u00e9e de lecture estim\u00e9e\" \/>\n\t<meta name=\"twitter:data1\" content=\"2 minutes\" \/>\n<script type=\"application\/ld+json\" class=\"yoast-schema-graph\">{\"@context\":\"https:\/\/schema.org\",\"@graph\":[{\"@type\":\"WebPage\",\"@id\":\"https:\/\/bio-energica.com\/index.php\/product\/creme-mains-seches-abimees-fragilisees-50ml\/\",\"url\":\"https:\/\/bio-energica.com\/index.php\/product\/creme-mains-seches-abimees-fragilisees-50ml\/\",\"name\":\"CR\u00c8ME MAINS S\u00c8CHES, AB\u00ceM\u00c9ES & FRAGILIS\u00c9ES - 50ML - Bio Energica Tunisia\",\"isPartOf\":{\"@id\":\"https:\/\/bio-energica.com\/#website\"},\"primaryImageOfPage\":{\"@id\":\"https:\/\/bio-energica.com\/index.php\/product\/creme-mains-seches-abimees-fragilisees-50ml\/#primaryimage\"},\"image\":{\"@id\":\"https:\/\/bio-energica.com\/index.php\/product\/creme-mains-seches-abimees-fragilisees-50ml\/#primaryimage\"},\"thumbnailUrl\":\"https:\/\/bio-energica.com\/wp-content\/uploads\/2026\/01\/Creme-Mains-SECHES-tunisia-ABIMEES-FRAGILISEES.jpg\",\"datePublished\":\"2026-01-17T16:51:11+00:00\",\"dateModified\":\"2026-01-17T17:33:11+00:00\",\"description\":\"Cette cr\u00e8me mains est sp\u00e9cialement formul\u00e9e pour les mains s\u00e8ches, fragilis\u00e9es ou ab\u00eem\u00e9es. Elle agit comme un soin r\u00e9parateur aidant \u00e0 restaurer le confort cutan\u00e9 face aux agressions telles que le froid et les lavages fr\u00e9quents.Enrichie en extraits de camomille et de Centella asiatica (herbe du tigre), elle aide \u00e0 apaiser les sensations d\u2019inconfort et soutient le renouvellement naturel de la fonction barri\u00e8re. L\u2019allanto\u00efne compl\u00e8te cette action en contribuant \u00e0 lisser la peau et \u00e0 r\u00e9duire les rugosit\u00e9s.Sa formule enrichie en glyc\u00e9rine et panth\u00e9nol contribue \u00e0 la pr\u00e9vention de la d\u00e9shydratation, tandis que les huiles v\u00e9g\u00e9tales (amande douce, p\u00e9pin de raisin et argan) nourrissent intens\u00e9ment la peau et am\u00e9liorent sa souplesse.\",\"breadcrumb\":{\"@id\":\"https:\/\/bio-energica.com\/index.php\/product\/creme-mains-seches-abimees-fragilisees-50ml\/#breadcrumb\"},\"inLanguage\":\"fr-FR\",\"potentialAction\":[{\"@type\":\"ReadAction\",\"target\":[\"https:\/\/bio-energica.com\/index.php\/product\/creme-mains-seches-abimees-fragilisees-50ml\/\"]}]},{\"@type\":\"ImageObject\",\"inLanguage\":\"fr-FR\",\"@id\":\"https:\/\/bio-energica.com\/index.php\/product\/creme-mains-seches-abimees-fragilisees-50ml\/#primaryimage\",\"url\":\"https:\/\/bio-energica.com\/wp-content\/uploads\/2026\/01\/Creme-Mains-SECHES-tunisia-ABIMEES-FRAGILISEES.jpg\",\"contentUrl\":\"https:\/\/bio-energica.com\/wp-content\/uploads\/2026\/01\/Creme-Mains-SECHES-tunisia-ABIMEES-FRAGILISEES.jpg\",\"width\":800,\"height\":800},{\"@type\":\"BreadcrumbList\",\"@id\":\"https:\/\/bio-energica.com\/index.php\/product\/creme-mains-seches-abimees-fragilisees-50ml\/#breadcrumb\",\"itemListElement\":[{\"@type\":\"ListItem\",\"position\":1,\"name\":\"Home\",\"item\":\"https:\/\/bio-energica.com\/\"},{\"@type\":\"ListItem\",\"position\":2,\"name\":\"Products\",\"item\":\"https:\/\/bio-energica.com\/index.php\/products\/\"},{\"@type\":\"ListItem\",\"position\":3,\"name\":\"CR\u00c8ME MAINS S\u00c8CHES, AB\u00ceM\u00c9ES &#038; FRAGILIS\u00c9ES &#8211; 50ML\"}]},{\"@type\":\"WebSite\",\"@id\":\"https:\/\/bio-energica.com\/#website\",\"url\":\"https:\/\/bio-energica.com\/\",\"name\":\"Bio Energica Tunisia\",\"description\":\"\",\"publisher\":{\"@id\":\"https:\/\/bio-energica.com\/#organization\"},\"potentialAction\":[{\"@type\":\"SearchAction\",\"target\":{\"@type\":\"EntryPoint\",\"urlTemplate\":\"https:\/\/bio-energica.com\/?s={search_term_string}\"},\"query-input\":{\"@type\":\"PropertyValueSpecification\",\"valueRequired\":true,\"valueName\":\"search_term_string\"}}],\"inLanguage\":\"fr-FR\"},{\"@type\":\"Organization\",\"@id\":\"https:\/\/bio-energica.com\/#organization\",\"name\":\"Bio Energica Tunisia\",\"url\":\"https:\/\/bio-energica.com\/\",\"logo\":{\"@type\":\"ImageObject\",\"inLanguage\":\"fr-FR\",\"@id\":\"https:\/\/bio-energica.com\/#\/schema\/logo\/image\/\",\"url\":\"https:\/\/bio-energica.com\/wp-content\/uploads\/2025\/11\/LOLO-scaled.png\",\"contentUrl\":\"https:\/\/bio-energica.com\/wp-content\/uploads\/2025\/11\/LOLO-scaled.png\",\"width\":2560,\"height\":960,\"caption\":\"Bio Energica Tunisia\"},\"image\":{\"@id\":\"https:\/\/bio-energica.com\/#\/schema\/logo\/image\/\"}}]}<\/script>\n<!-- \/ Yoast SEO plugin. -->","yoast_head_json":{"title":"CR\u00c8ME MAINS S\u00c8CHES, AB\u00ceM\u00c9ES & FRAGILIS\u00c9ES - 50ML - Bio Energica Tunisia","description":"Cette cr\u00e8me mains est sp\u00e9cialement formul\u00e9e pour les mains s\u00e8ches, fragilis\u00e9es ou ab\u00eem\u00e9es. Elle agit comme un soin r\u00e9parateur aidant \u00e0 restaurer le confort cutan\u00e9 face aux agressions telles que le froid et les lavages fr\u00e9quents.Enrichie en extraits de camomille et de Centella asiatica (herbe du tigre), elle aide \u00e0 apaiser les sensations d\u2019inconfort et soutient le renouvellement naturel de la fonction barri\u00e8re. L\u2019allanto\u00efne compl\u00e8te cette action en contribuant \u00e0 lisser la peau et \u00e0 r\u00e9duire les rugosit\u00e9s.Sa formule enrichie en glyc\u00e9rine et panth\u00e9nol contribue \u00e0 la pr\u00e9vention de la d\u00e9shydratation, tandis que les huiles v\u00e9g\u00e9tales (amande douce, p\u00e9pin de raisin et argan) nourrissent intens\u00e9ment la peau et am\u00e9liorent sa souplesse.","robots":{"index":"index","follow":"follow","max-snippet":"max-snippet:-1","max-image-preview":"max-image-preview:large","max-video-preview":"max-video-preview:-1"},"canonical":"https:\/\/bio-energica.com\/index.php\/product\/creme-mains-seches-abimees-fragilisees-50ml\/","og_locale":"fr_FR","og_type":"article","og_title":"CR\u00c8ME MAINS S\u00c8CHES, AB\u00ceM\u00c9ES & FRAGILIS\u00c9ES - 50ML - Bio Energica Tunisia","og_description":"Cette cr\u00e8me mains est sp\u00e9cialement formul\u00e9e pour les mains s\u00e8ches, fragilis\u00e9es ou ab\u00eem\u00e9es. Elle agit comme un soin r\u00e9parateur aidant \u00e0 restaurer le confort cutan\u00e9 face aux agressions telles que le froid et les lavages fr\u00e9quents.Enrichie en extraits de camomille et de Centella asiatica (herbe du tigre), elle aide \u00e0 apaiser les sensations d\u2019inconfort et soutient le renouvellement naturel de la fonction barri\u00e8re. L\u2019allanto\u00efne compl\u00e8te cette action en contribuant \u00e0 lisser la peau et \u00e0 r\u00e9duire les rugosit\u00e9s.Sa formule enrichie en glyc\u00e9rine et panth\u00e9nol contribue \u00e0 la pr\u00e9vention de la d\u00e9shydratation, tandis que les huiles v\u00e9g\u00e9tales (amande douce, p\u00e9pin de raisin et argan) nourrissent intens\u00e9ment la peau et am\u00e9liorent sa souplesse.","og_url":"https:\/\/bio-energica.com\/index.php\/product\/creme-mains-seches-abimees-fragilisees-50ml\/","og_site_name":"Bio Energica Tunisia","article_modified_time":"2026-01-17T17:33:11+00:00","og_image":[{"width":800,"height":800,"url":"https:\/\/bio-energica.com\/wp-content\/uploads\/2026\/01\/Creme-Mains-SECHES-tunisia-ABIMEES-FRAGILISEES.jpg","type":"image\/jpeg"}],"twitter_card":"summary_large_image","twitter_misc":{"Dur\u00e9e de lecture estim\u00e9e":"2 minutes"},"schema":{"@context":"https:\/\/schema.org","@graph":[{"@type":"WebPage","@id":"https:\/\/bio-energica.com\/index.php\/product\/creme-mains-seches-abimees-fragilisees-50ml\/","url":"https:\/\/bio-energica.com\/index.php\/product\/creme-mains-seches-abimees-fragilisees-50ml\/","name":"CR\u00c8ME MAINS S\u00c8CHES, AB\u00ceM\u00c9ES & FRAGILIS\u00c9ES - 50ML - Bio Energica Tunisia","isPartOf":{"@id":"https:\/\/bio-energica.com\/#website"},"primaryImageOfPage":{"@id":"https:\/\/bio-energica.com\/index.php\/product\/creme-mains-seches-abimees-fragilisees-50ml\/#primaryimage"},"image":{"@id":"https:\/\/bio-energica.com\/index.php\/product\/creme-mains-seches-abimees-fragilisees-50ml\/#primaryimage"},"thumbnailUrl":"https:\/\/bio-energica.com\/wp-content\/uploads\/2026\/01\/Creme-Mains-SECHES-tunisia-ABIMEES-FRAGILISEES.jpg","datePublished":"2026-01-17T16:51:11+00:00","dateModified":"2026-01-17T17:33:11+00:00","description":"Cette cr\u00e8me mains est sp\u00e9cialement formul\u00e9e pour les mains s\u00e8ches, fragilis\u00e9es ou ab\u00eem\u00e9es. Elle agit comme un soin r\u00e9parateur aidant \u00e0 restaurer le confort cutan\u00e9 face aux agressions telles que le froid et les lavages fr\u00e9quents.Enrichie en extraits de camomille et de Centella asiatica (herbe du tigre), elle aide \u00e0 apaiser les sensations d\u2019inconfort et soutient le renouvellement naturel de la fonction barri\u00e8re. L\u2019allanto\u00efne compl\u00e8te cette action en contribuant \u00e0 lisser la peau et \u00e0 r\u00e9duire les rugosit\u00e9s.Sa formule enrichie en glyc\u00e9rine et panth\u00e9nol contribue \u00e0 la pr\u00e9vention de la d\u00e9shydratation, tandis que les huiles v\u00e9g\u00e9tales (amande douce, p\u00e9pin de raisin et argan) nourrissent intens\u00e9ment la peau et am\u00e9liorent sa souplesse.","breadcrumb":{"@id":"https:\/\/bio-energica.com\/index.php\/product\/creme-mains-seches-abimees-fragilisees-50ml\/#breadcrumb"},"inLanguage":"fr-FR","potentialAction":[{"@type":"ReadAction","target":["https:\/\/bio-energica.com\/index.php\/product\/creme-mains-seches-abimees-fragilisees-50ml\/"]}]},{"@type":"ImageObject","inLanguage":"fr-FR","@id":"https:\/\/bio-energica.com\/index.php\/product\/creme-mains-seches-abimees-fragilisees-50ml\/#primaryimage","url":"https:\/\/bio-energica.com\/wp-content\/uploads\/2026\/01\/Creme-Mains-SECHES-tunisia-ABIMEES-FRAGILISEES.jpg","contentUrl":"https:\/\/bio-energica.com\/wp-content\/uploads\/2026\/01\/Creme-Mains-SECHES-tunisia-ABIMEES-FRAGILISEES.jpg","width":800,"height":800},{"@type":"BreadcrumbList","@id":"https:\/\/bio-energica.com\/index.php\/product\/creme-mains-seches-abimees-fragilisees-50ml\/#breadcrumb","itemListElement":[{"@type":"ListItem","position":1,"name":"Home","item":"https:\/\/bio-energica.com\/"},{"@type":"ListItem","position":2,"name":"Products","item":"https:\/\/bio-energica.com\/index.php\/products\/"},{"@type":"ListItem","position":3,"name":"CR\u00c8ME MAINS S\u00c8CHES, AB\u00ceM\u00c9ES &#038; FRAGILIS\u00c9ES &#8211; 50ML"}]},{"@type":"WebSite","@id":"https:\/\/bio-energica.com\/#website","url":"https:\/\/bio-energica.com\/","name":"Bio Energica Tunisia","description":"","publisher":{"@id":"https:\/\/bio-energica.com\/#organization"},"potentialAction":[{"@type":"SearchAction","target":{"@type":"EntryPoint","urlTemplate":"https:\/\/bio-energica.com\/?s={search_term_string}"},"query-input":{"@type":"PropertyValueSpecification","valueRequired":true,"valueName":"search_term_string"}}],"inLanguage":"fr-FR"},{"@type":"Organization","@id":"https:\/\/bio-energica.com\/#organization","name":"Bio Energica Tunisia","url":"https:\/\/bio-energica.com\/","logo":{"@type":"ImageObject","inLanguage":"fr-FR","@id":"https:\/\/bio-energica.com\/#\/schema\/logo\/image\/","url":"https:\/\/bio-energica.com\/wp-content\/uploads\/2025\/11\/LOLO-scaled.png","contentUrl":"https:\/\/bio-energica.com\/wp-content\/uploads\/2025\/11\/LOLO-scaled.png","width":2560,"height":960,"caption":"Bio Energica Tunisia"},"image":{"@id":"https:\/\/bio-energica.com\/#\/schema\/logo\/image\/"}}]}},"_links":{"self":[{"href":"https:\/\/bio-energica.com\/index.php\/wp-json\/wp\/v2\/product\/4480","targetHints":{"allow":["GET"]}}],"collection":[{"href":"https:\/\/bio-energica.com\/index.php\/wp-json\/wp\/v2\/product"}],"about":[{"href":"https:\/\/bio-energica.com\/index.php\/wp-json\/wp\/v2\/types\/product"}],"replies":[{"embeddable":true,"href":"https:\/\/bio-energica.com\/index.php\/wp-json\/wp\/v2\/comments?post=4480"}],"wp:featuredmedia":[{"embeddable":true,"href":"https:\/\/bio-energica.com\/index.php\/wp-json\/wp\/v2\/media\/4485"}],"wp:attachment":[{"href":"https:\/\/bio-energica.com\/index.php\/wp-json\/wp\/v2\/media?parent=4480"}],"wp:term":[{"taxonomy":"product_brand","embeddable":true,"href":"https:\/\/bio-energica.com\/index.php\/wp-json\/wp\/v2\/product_brand?post=4480"},{"taxonomy":"product_cat","embeddable":true,"href":"https:\/\/bio-energica.com\/index.php\/wp-json\/wp\/v2\/product_cat?post=4480"},{"taxonomy":"product_tag","embeddable":true,"href":"https:\/\/bio-energica.com\/index.php\/wp-json\/wp\/v2\/product_tag?post=4480"}],"curies":[{"name":"wp","href":"https:\/\/api.w.org\/{rel}","templated":true}]}}